{"id":6285,"date":"2019-11-27T11:20:42","date_gmt":"2019-11-27T11:20:42","guid":{"rendered":"http:\/\/demo-import.loc\/?page_id=6285"},"modified":"2026-01-16T10:29:01","modified_gmt":"2026-01-16T10:29:01","slug":"op-ed","status":"publish","type":"page","link":"https:\/\/idd.md\/en\/op-ed\/","title":{"rendered":"OP-ED"},"content":{"rendered":"<div data-elementor-type=\"wp-page\" data-elementor-id=\"6285\" class=\"elementor elementor-6285\" data-elementor-post-type=\"page\">\n\t\t\t\t\t\t<section class=\"elementor-section elementor-top-section elementor-element elementor-element-ff213a9 elementor-section-boxed elementor-section-height-default elementor-section-height-default\" data-id=\"ff213a9\" data-element_type=\"section\">\n\t\t\t\t\t\t<div class=\"elementor-container elementor-column-gap-default\">\n\t\t\t\t\t<div class=\"elementor-column elementor-col-100 elementor-top-column elementor-element elementor-element-ff21aef\" data-id=\"ff21aef\" data-element_type=\"column\">\n\t\t\t<div class=\"elementor-widget-wrap elementor-element-populated\">\n\t\t\t\t\t\t<div class=\"elementor-element elementor-element-7151a8b elementor-widget elementor-widget-vc_custom_heading\" data-id=\"7151a8b\" data-element_type=\"widget\" data-widget_type=\"vc_custom_heading.default\">\n\t\t\t\t<div class=\"elementor-widget-container\">\n\t\t\t\t\t<div class=\"vc_custom_heading  consulting_heading_font  text_align_left\" ><h1 style=\"text-align: left\" class=\"consulting-custom-title\">OP-ED<\/h1><\/div>\t\t\t\t<\/div>\n\t\t\t\t<\/div>\n\t\t\t\t<div class=\"elementor-element elementor-element-24b743e elementor-grid-3 elementor-grid-tablet-2 elementor-grid-mobile-1 elementor-posts--thumbnail-top elementor-card-shadow-yes elementor-posts__hover-gradient elementor-widget elementor-widget-posts\" data-id=\"24b743e\" data-element_type=\"widget\" data-settings=\"{&quot;cards_columns&quot;:&quot;3&quot;,&quot;cards_columns_tablet&quot;:&quot;2&quot;,&quot;cards_columns_mobile&quot;:&quot;1&quot;,&quot;cards_row_gap&quot;:{&quot;unit&quot;:&quot;px&quot;,&quot;size&quot;:35,&quot;sizes&quot;:[]},&quot;cards_row_gap_tablet&quot;:{&quot;unit&quot;:&quot;px&quot;,&quot;size&quot;:&quot;&quot;,&quot;sizes&quot;:[]},&quot;cards_row_gap_mobile&quot;:{&quot;unit&quot;:&quot;px&quot;,&quot;size&quot;:&quot;&quot;,&quot;sizes&quot;:[]}}\" data-widget_type=\"posts.cards\">\n\t\t\t\t<div class=\"elementor-widget-container\">\n\t\t\t\t\t\t\t<div class=\"elementor-posts-container elementor-posts elementor-posts--skin-cards elementor-grid\">\n\t\t\t\t<article class=\"elementor-post elementor-grid-item post-17791 post type-post status-publish format-standard has-post-thumbnail hentry category-op-ed\">\n\t\t\t<div class=\"elementor-post__card\">\n\t\t\t\t<a class=\"elementor-post__thumbnail__link\" href=\"https:\/\/idd.md\/en\/femeile-conduc-dezvoltarea-op-ed-uri-pentru-agenda-femeia-pacea-si-securitatea\/\" tabindex=\"-1\" ><div class=\"elementor-post__thumbnail\"><img fetchpriority=\"high\" decoding=\"async\" width=\"300\" height=\"169\" src=\"https:\/\/idd.md\/wp-content\/uploads\/2026\/01\/WhatsApp-Image-2026-01-14-at-10.40.20-300x169.jpeg\" class=\"attachment-medium size-medium wp-image-17796\" alt=\"\" srcset=\"https:\/\/idd.md\/wp-content\/uploads\/2026\/01\/WhatsApp-Image-2026-01-14-at-10.40.20-300x169.jpeg 300w, https:\/\/idd.md\/wp-content\/uploads\/2026\/01\/WhatsApp-Image-2026-01-14-at-10.40.20-1024x576.jpeg 1024w, https:\/\/idd.md\/wp-content\/uploads\/2026\/01\/WhatsApp-Image-2026-01-14-at-10.40.20-768x432.jpeg 768w, https:\/\/idd.md\/wp-content\/uploads\/2026\/01\/WhatsApp-Image-2026-01-14-at-10.40.20-1536x864.jpeg 1536w, https:\/\/idd.md\/wp-content\/uploads\/2026\/01\/WhatsApp-Image-2026-01-14-at-10.40.20-18x10.jpeg 18w, https:\/\/idd.md\/wp-content\/uploads\/2026\/01\/WhatsApp-Image-2026-01-14-at-10.40.20-900x506.jpeg 900w, https:\/\/idd.md\/wp-content\/uploads\/2026\/01\/WhatsApp-Image-2026-01-14-at-10.40.20.jpeg 1600w\" sizes=\"(max-width: 300px) 100vw, 300px\" \/><\/div><\/a>\n\t\t\t\t<div class=\"elementor-post__badge\">OP-ED<\/div>\n\t\t\t\t<div class=\"elementor-post__text\">\n\t\t\t\t<h4 class=\"elementor-post__title\">\n\t\t\t<a href=\"https:\/\/idd.md\/en\/femeile-conduc-dezvoltarea-op-ed-uri-pentru-agenda-femeia-pacea-si-securitatea\/\" >\n\t\t\t\tFemeile Conduc Dezvoltarea: OP-ED-uri pentru Agenda Femeia, Pacea \u0219i Securitatea\t\t\t<\/a>\n\t\t<\/h4>\n\t\t\t\t<div class=\"elementor-post__excerpt\">\n\t\t\t<p>Aceast\u0103 rubric\u0103 reune\u0219te 12 articole de tip OP-ED-uri dedicate promov\u0103rii Agendei Femeia, Pacea \u0219i Securitatea (WPS), semnate de exper\u021bi \u0219i experte care analizeaz\u0103 rolul femeilor \u00een leadership \u0219i cum putem contribui la dezvoltare \u0219i incluziune. Fiecare autor sau autoare eviden\u021biaz\u0103 capacitatea femeilor de a contribui activ la schimbarea social\u0103 \u0219i la consolidarea comunit\u0103\u021bilor.<\/p>\n\t\t<\/div>\n\t\t\n\t\t<a class=\"elementor-post__read-more\" href=\"https:\/\/idd.md\/en\/femeile-conduc-dezvoltarea-op-ed-uri-pentru-agenda-femeia-pacea-si-securitatea\/\" aria-label=\"Read more about Femeile Conduc Dezvoltarea: OP-ED-uri pentru Agenda Femeia, Pacea \u0219i Securitatea\" tabindex=\"-1\" >\n\t\t\tCite\u0219te mai mult \u00bb\t\t<\/a>\n\n\t\t\t\t<\/div>\n\t\t\t\t<div class=\"elementor-post__meta-data\">\n\t\t\t\t\t<span class=\"elementor-post-author\">\n\t\t\ti4dd\t\t<\/span>\n\t\t\t\t<span class=\"elementor-post-date\">\n\t\t\t15 January 2026\t\t<\/span>\n\t\t\t\t<\/div>\n\t\t\t\t\t<\/div>\n\t\t<\/article>\n\t\t\t\t<article class=\"elementor-post elementor-grid-item post-17680 post type-post status-publish format-standard has-post-thumbnail hentry category-op-ed\">\n\t\t\t<div class=\"elementor-post__card\">\n\t\t\t\t<a class=\"elementor-post__thumbnail__link\" href=\"https:\/\/idd.md\/en\/alinierea-si-implementarea-standardelor-internationale-pentru-respectarea-drepturilor-femeilor-pe-timp-de-pace-sau-conflicte\/\" tabindex=\"-1\" ><div class=\"elementor-post__thumbnail\"><img decoding=\"async\" width=\"300\" height=\"213\" src=\"https:\/\/idd.md\/wp-content\/uploads\/2025\/11\/Studiu-final1_Page_01-300x213.jpg\" class=\"attachment-medium size-medium wp-image-17682\" alt=\"\" srcset=\"https:\/\/idd.md\/wp-content\/uploads\/2025\/11\/Studiu-final1_Page_01-300x213.jpg 300w, https:\/\/idd.md\/wp-content\/uploads\/2025\/11\/Studiu-final1_Page_01-1024x727.jpg 1024w, https:\/\/idd.md\/wp-content\/uploads\/2025\/11\/Studiu-final1_Page_01-768x545.jpg 768w, https:\/\/idd.md\/wp-content\/uploads\/2025\/11\/Studiu-final1_Page_01-1536x1090.jpg 1536w, https:\/\/idd.md\/wp-content\/uploads\/2025\/11\/Studiu-final1_Page_01-18x12.jpg 18w, https:\/\/idd.md\/wp-content\/uploads\/2025\/11\/Studiu-final1_Page_01-350x250.jpg 350w, https:\/\/idd.md\/wp-content\/uploads\/2025\/11\/Studiu-final1_Page_01-255x182.jpg 255w, https:\/\/idd.md\/wp-content\/uploads\/2025\/11\/Studiu-final1_Page_01-900x639.jpg 900w, https:\/\/idd.md\/wp-content\/uploads\/2025\/11\/Studiu-final1_Page_01.jpg 1760w\" sizes=\"(max-width: 300px) 100vw, 300px\" \/><\/div><\/a>\n\t\t\t\t<div class=\"elementor-post__badge\">OP-ED<\/div>\n\t\t\t\t<div class=\"elementor-post__text\">\n\t\t\t\t<h4 class=\"elementor-post__title\">\n\t\t\t<a href=\"https:\/\/idd.md\/en\/alinierea-si-implementarea-standardelor-internationale-pentru-respectarea-drepturilor-femeilor-pe-timp-de-pace-sau-conflicte\/\" >\n\t\t\t\tAlinierea \u0219i implementarea standardelor interna\u021bionale pentru respectarea drepturilor femeilor pe timp de pace sau conflicte\t\t\t<\/a>\n\t\t<\/h4>\n\t\t\t\t<div class=\"elementor-post__excerpt\">\n\t\t\t<p>Aceast\u0103 publica\u0163ie a fost realizat\u0103 \u00een contextul sprijinirii implement\u0103rii Planului Na\u0163ional de Ac\u0163iuni pentru implementarea Programului \u201eFemeile, Pacea \u0219i Securitatea pentru anii 2023-2027\u201d. Studiul este realizat \u00een cadrul proiectului \u201e\u00cent\u0103rirea p\u0103cii, drepturile omului \u0219i rolul femeilor \u00een implementarea Agendei Femeia, Pacea \u0219i Securitatea \u0219i rezilien\u0163a comunitar\u0103\u201d, cu suportul DCAF \u0219i cu sprijinul \ufb01nanciar al Suediei.<\/p>\n\t\t<\/div>\n\t\t\n\t\t<a class=\"elementor-post__read-more\" href=\"https:\/\/idd.md\/en\/alinierea-si-implementarea-standardelor-internationale-pentru-respectarea-drepturilor-femeilor-pe-timp-de-pace-sau-conflicte\/\" aria-label=\"Read more about Alinierea \u0219i implementarea standardelor interna\u021bionale pentru respectarea drepturilor femeilor pe timp de pace sau conflicte\" tabindex=\"-1\" >\n\t\t\tCite\u0219te mai mult \u00bb\t\t<\/a>\n\n\t\t\t\t<\/div>\n\t\t\t\t<div class=\"elementor-post__meta-data\">\n\t\t\t\t\t<span class=\"elementor-post-author\">\n\t\t\ti4dd\t\t<\/span>\n\t\t\t\t<span class=\"elementor-post-date\">\n\t\t\t13 November 2025\t\t<\/span>\n\t\t\t\t<\/div>\n\t\t\t\t\t<\/div>\n\t\t<\/article>\n\t\t\t\t<article class=\"elementor-post elementor-grid-item post-17590 post type-post status-publish format-standard has-post-thumbnail hentry category-op-ed\">\n\t\t\t<div class=\"elementor-post__card\">\n\t\t\t\t<a class=\"elementor-post__thumbnail__link\" href=\"https:\/\/idd.md\/en\/decizii-fara-diversitate-subreprezentarea-femeilor-in-guvernarea-locala-din-zona-de-securitate-a-republicii-moldova\/\" tabindex=\"-1\" ><div class=\"elementor-post__thumbnail\"><img decoding=\"async\" width=\"150\" height=\"184\" src=\"https:\/\/idd.md\/wp-content\/uploads\/2025\/08\/Picture1.png\" class=\"attachment-medium size-medium wp-image-17595\" alt=\"\" srcset=\"https:\/\/idd.md\/wp-content\/uploads\/2025\/08\/Picture1.png 150w, https:\/\/idd.md\/wp-content\/uploads\/2025\/08\/Picture1-10x12.png 10w\" sizes=\"(max-width: 150px) 100vw, 150px\" \/><\/div><\/a>\n\t\t\t\t<div class=\"elementor-post__badge\">OP-ED<\/div>\n\t\t\t\t<div class=\"elementor-post__text\">\n\t\t\t\t<h4 class=\"elementor-post__title\">\n\t\t\t<a href=\"https:\/\/idd.md\/en\/decizii-fara-diversitate-subreprezentarea-femeilor-in-guvernarea-locala-din-zona-de-securitate-a-republicii-moldova\/\" >\n\t\t\t\tDECIZII F\u0102R\u0102 DIVERSITATE: Subreprezentarea Femeilor \u00een Guvernarea Local\u0103 din Zona de Securitate a Republicii Moldova\t\t\t<\/a>\n\t\t<\/h4>\n\t\t\t\t<div class=\"elementor-post__excerpt\">\n\t\t\t<p>\u0218tia\u021bi c\u0103, din aproape 100 de comunit\u0103\u021bi aflate \u00een Zona de Securitate a Republicii Moldova, doar 13 sunt conduse de femei?<br \/>\nMai mult, \u00een Programul de reintegrare 2025, doar dou\u0103 localit\u0103\u021bi cu primare femei au reu\u0219it s\u0103 ob\u021bin\u0103 finan\u021bare pentru dezvoltare.<br \/>\nAcest dezechilibru ridic\u0103 o \u00eentrebare esen\u021bial\u0103:<br \/>\n\ud83d\udc49 Cum putem construi o pace durabil\u0103 \u0219i o guvernare incluziv\u0103, dac\u0103 jum\u0103tate din popula\u021bie este aproape invizibil\u0103 \u00een procesul decizional?<\/p>\n<p>Citi\u021bi \u00een articolul Cristinei Lesnic despre golurile de reprezentare, barierele invizibile \u0219i puterea real\u0103 a leadershipului feminin \u00een comunit\u0103\u021bile de pe ambele maluri\u00a0ale\u00a0Nistrului.<\/p>\n\t\t<\/div>\n\t\t\n\t\t<a class=\"elementor-post__read-more\" href=\"https:\/\/idd.md\/en\/decizii-fara-diversitate-subreprezentarea-femeilor-in-guvernarea-locala-din-zona-de-securitate-a-republicii-moldova\/\" aria-label=\"Read more about DECIZII F\u0102R\u0102 DIVERSITATE: Subreprezentarea Femeilor \u00een Guvernarea Local\u0103 din Zona de Securitate a Republicii Moldova\" tabindex=\"-1\" >\n\t\t\tCite\u0219te mai mult \u00bb\t\t<\/a>\n\n\t\t\t\t<\/div>\n\t\t\t\t<div class=\"elementor-post__meta-data\">\n\t\t\t\t\t<span class=\"elementor-post-author\">\n\t\t\ti4dd\t\t<\/span>\n\t\t\t\t<span class=\"elementor-post-date\">\n\t\t\t22 August 2025\t\t<\/span>\n\t\t\t\t<\/div>\n\t\t\t\t\t<\/div>\n\t\t<\/article>\n\t\t\t\t<article class=\"elementor-post elementor-grid-item post-17454 post type-post status-publish format-standard has-post-thumbnail hentry category-op-ed\">\n\t\t\t<div class=\"elementor-post__card\">\n\t\t\t\t<a class=\"elementor-post__thumbnail__link\" href=\"https:\/\/idd.md\/en\/impactul-femeii-lider-in-sectoarele-de-securitate-si-aparare\/\" tabindex=\"-1\" ><div class=\"elementor-post__thumbnail\"><img loading=\"lazy\" decoding=\"async\" width=\"221\" height=\"294\" src=\"https:\/\/idd.md\/wp-content\/uploads\/2025\/04\/OP-ED-4-Mariana-Pavlencu-2.jpg\" class=\"attachment-medium size-medium wp-image-17462\" alt=\"\" srcset=\"https:\/\/idd.md\/wp-content\/uploads\/2025\/04\/OP-ED-4-Mariana-Pavlencu-2.jpg 221w, https:\/\/idd.md\/wp-content\/uploads\/2025\/04\/OP-ED-4-Mariana-Pavlencu-2-9x12.jpg 9w\" sizes=\"(max-width: 221px) 100vw, 221px\" \/><\/div><\/a>\n\t\t\t\t<div class=\"elementor-post__badge\">OP-ED<\/div>\n\t\t\t\t<div class=\"elementor-post__text\">\n\t\t\t\t<h4 class=\"elementor-post__title\">\n\t\t\t<a href=\"https:\/\/idd.md\/en\/impactul-femeii-lider-in-sectoarele-de-securitate-si-aparare\/\" >\n\t\t\t\tIMPACTUL FEMEII LIDER \u00ceN SECTOARELE DE SECURITATE \u0218I AP\u0102RARE\t\t\t<\/a>\n\t\t<\/h4>\n\t\t\t\t<div class=\"elementor-post__excerpt\">\n\t\t\t<p>\u00cen ultimele trei decenii, femeile au \u00eenregistrat progrese remarcabile \u00een numeroase sfere, cu excep\u021bia ocup\u0103rii pozi\u021biilor de conducere. De\u0219i au reu\u0219it s\u0103 ob\u021bin\u0103 un num\u0103r semnificativ de diplome universitare, ascensiunea c\u0103tre func\u021bii de lider \u00een special \u00een domeniul securit\u0103\u021bii, ap\u0103r\u0103rii sau \u00een institu\u021biile cu rol decizional r\u0103m\u00e2ne limitat. <\/p>\n\t\t<\/div>\n\t\t\n\t\t<a class=\"elementor-post__read-more\" href=\"https:\/\/idd.md\/en\/impactul-femeii-lider-in-sectoarele-de-securitate-si-aparare\/\" aria-label=\"Read more about IMPACTUL FEMEII LIDER \u00ceN SECTOARELE DE SECURITATE \u0218I AP\u0102RARE\" tabindex=\"-1\" >\n\t\t\tCite\u0219te mai mult \u00bb\t\t<\/a>\n\n\t\t\t\t<\/div>\n\t\t\t\t<div class=\"elementor-post__meta-data\">\n\t\t\t\t\t<span class=\"elementor-post-author\">\n\t\t\ti4dd\t\t<\/span>\n\t\t\t\t<span class=\"elementor-post-date\">\n\t\t\t24 April 2025\t\t<\/span>\n\t\t\t\t<\/div>\n\t\t\t\t\t<\/div>\n\t\t<\/article>\n\t\t\t\t<article class=\"elementor-post elementor-grid-item post-17433 post type-post status-publish format-standard has-post-thumbnail hentry category-op-ed\">\n\t\t\t<div class=\"elementor-post__card\">\n\t\t\t\t<a class=\"elementor-post__thumbnail__link\" href=\"https:\/\/idd.md\/en\/abordari-psihologice-privind-femeia-pacea-si-securitatea\/\" tabindex=\"-1\" ><div class=\"elementor-post__thumbnail\"><img loading=\"lazy\" decoding=\"async\" width=\"157\" height=\"189\" src=\"https:\/\/idd.md\/wp-content\/uploads\/2025\/04\/Picture1s.jpg\" class=\"attachment-medium size-medium wp-image-17439\" alt=\"\" srcset=\"https:\/\/idd.md\/wp-content\/uploads\/2025\/04\/Picture1s.jpg 157w, https:\/\/idd.md\/wp-content\/uploads\/2025\/04\/Picture1s-10x12.jpg 10w\" sizes=\"(max-width: 157px) 100vw, 157px\" \/><\/div><\/a>\n\t\t\t\t<div class=\"elementor-post__badge\">OP-ED<\/div>\n\t\t\t\t<div class=\"elementor-post__text\">\n\t\t\t\t<h4 class=\"elementor-post__title\">\n\t\t\t<a href=\"https:\/\/idd.md\/en\/abordari-psihologice-privind-femeia-pacea-si-securitatea\/\" >\n\t\t\t\tAbord\u0103ri psihologice privind Femeia Pacea \u0219i Securitatea\t\t\t<\/a>\n\t\t<\/h4>\n\t\t\t\t<div class=\"elementor-post__excerpt\">\n\t\t\t<p>At\u00e2t femeia, c\u00e2t \u0219i b\u0103rbatul sunt doi actori care pot ac\u021biona ca un tot \u00eentreg \u00een realizarea unor crea\u021bii sau \u00een dep\u0103\u0219irea situa\u021biilor de criz\u0103. De ce nu am face diferen\u021be \u00eentre ei \u0219i ne-am referi anume la un tot \u00eentreg?<\/p>\n\t\t<\/div>\n\t\t\n\t\t<a class=\"elementor-post__read-more\" href=\"https:\/\/idd.md\/en\/abordari-psihologice-privind-femeia-pacea-si-securitatea\/\" aria-label=\"Read more about Abord\u0103ri psihologice privind Femeia Pacea \u0219i Securitatea\" tabindex=\"-1\" >\n\t\t\tCite\u0219te mai mult \u00bb\t\t<\/a>\n\n\t\t\t\t<\/div>\n\t\t\t\t<div class=\"elementor-post__meta-data\">\n\t\t\t\t\t<span class=\"elementor-post-author\">\n\t\t\ti4dd\t\t<\/span>\n\t\t\t\t<span class=\"elementor-post-date\">\n\t\t\t24 April 2025\t\t<\/span>\n\t\t\t\t<\/div>\n\t\t\t\t\t<\/div>\n\t\t<\/article>\n\t\t\t\t<article class=\"elementor-post elementor-grid-item post-17354 post type-post status-publish format-standard has-post-thumbnail hentry category-op-ed\">\n\t\t\t<div class=\"elementor-post__card\">\n\t\t\t\t<a class=\"elementor-post__thumbnail__link\" href=\"https:\/\/idd.md\/en\/celemaiputernicearhetipuri-feminine-din-literatura-misoginism\/\" tabindex=\"-1\" ><div class=\"elementor-post__thumbnail\"><img loading=\"lazy\" decoding=\"async\" width=\"282\" height=\"300\" src=\"https:\/\/idd.md\/wp-content\/uploads\/2025\/03\/covalova-282x300.jpg\" class=\"attachment-medium size-medium wp-image-17356\" alt=\"\" srcset=\"https:\/\/idd.md\/wp-content\/uploads\/2025\/03\/covalova-282x300.jpg 282w, https:\/\/idd.md\/wp-content\/uploads\/2025\/03\/covalova-11x12.jpg 11w, https:\/\/idd.md\/wp-content\/uploads\/2025\/03\/covalova.jpg 392w\" sizes=\"(max-width: 282px) 100vw, 282px\" \/><\/div><\/a>\n\t\t\t\t<div class=\"elementor-post__badge\">OP-ED<\/div>\n\t\t\t\t<div class=\"elementor-post__text\">\n\t\t\t\t<h4 class=\"elementor-post__title\">\n\t\t\t<a href=\"https:\/\/idd.md\/en\/celemaiputernicearhetipuri-feminine-din-literatura-misoginism\/\" >\n\t\t\t\tCele\tmai\t\u201eputernice\u201darhetipuri feminine din literatur\u0103. Misoginism\t\t\t<\/a>\n\t\t<\/h4>\n\t\t\t\t<div class=\"elementor-post__excerpt\">\n\t\t\t<p>Femeile au un rol extrem de important \u00een via\u021ba noastr\u0103! Ele aduc iubire, sprijin \u0219i echilibru \u00een rela\u021bii \u0219i familii. Femeile sunt puternice \u0219i inspir\u0103 prin determinare, compasiune \u0219i inteligen\u021b\u0103. <\/p>\n\t\t<\/div>\n\t\t\n\t\t<a class=\"elementor-post__read-more\" href=\"https:\/\/idd.md\/en\/celemaiputernicearhetipuri-feminine-din-literatura-misoginism\/\" aria-label=\"Read more about Cele\tmai\t\u201eputernice\u201darhetipuri feminine din literatur\u0103. Misoginism\" tabindex=\"-1\" >\n\t\t\tCite\u0219te mai mult \u00bb\t\t<\/a>\n\n\t\t\t\t<\/div>\n\t\t\t\t<div class=\"elementor-post__meta-data\">\n\t\t\t\t\t<span class=\"elementor-post-author\">\n\t\t\ti4dd\t\t<\/span>\n\t\t\t\t<span class=\"elementor-post-date\">\n\t\t\t24 March 2025\t\t<\/span>\n\t\t\t\t<\/div>\n\t\t\t\t\t<\/div>\n\t\t<\/article>\n\t\t\t\t<\/div>\n\t\t\n\t\t\t\t\t\t<\/div>\n\t\t\t\t<\/div>\n\t\t\t\t\t<\/div>\n\t\t<\/div>\n\t\t\t\t\t<\/div>\n\t\t<\/section>\n\t\t\t\t<\/div>","protected":false},"excerpt":{"rendered":"<p>OP-ED<\/p>","protected":false},"author":1,"featured_media":0,"parent":0,"menu_order":0,"comment_status":"closed","ping_status":"closed","template":"","meta":{"footnotes":""},"class_list":["post-6285","page","type-page","status-publish","hentry"],"_links":{"self":[{"href":"https:\/\/idd.md\/en\/wp-json\/wp\/v2\/pages\/6285","targetHints":{"allow":["GET"]}}],"collection":[{"href":"https:\/\/idd.md\/en\/wp-json\/wp\/v2\/pages"}],"about":[{"href":"https:\/\/idd.md\/en\/wp-json\/wp\/v2\/types\/page"}],"author":[{"embeddable":true,"href":"https:\/\/idd.md\/en\/wp-json\/wp\/v2\/users\/1"}],"replies":[{"embeddable":true,"href":"https:\/\/idd.md\/en\/wp-json\/wp\/v2\/comments?post=6285"}],"version-history":[{"count":27,"href":"https:\/\/idd.md\/en\/wp-json\/wp\/v2\/pages\/6285\/revisions"}],"predecessor-version":[{"id":17808,"href":"https:\/\/idd.md\/en\/wp-json\/wp\/v2\/pages\/6285\/revisions\/17808"}],"wp:attachment":[{"href":"https:\/\/idd.md\/en\/wp-json\/wp\/v2\/media?parent=6285"}],"curies":[{"name":"wp","href":"https:\/\/api.w.org\/{rel}","templated":true}]}}