{"id":6228,"date":"2019-11-25T09:36:27","date_gmt":"2019-11-25T09:36:27","guid":{"rendered":"http:\/\/demo-import.loc\/?page_id=6228"},"modified":"2023-12-28T21:19:13","modified_gmt":"2023-12-28T21:19:13","slug":"services-list","status":"publish","type":"page","link":"https:\/\/idd.md\/en\/services-list\/","title":{"rendered":"Resources and Projects"},"content":{"rendered":"<div data-elementor-type=\"wp-page\" data-elementor-id=\"6228\" class=\"elementor elementor-6228\" data-elementor-post-type=\"page\">\n\t\t\t\t\t\t<section class=\"elementor-section elementor-top-section elementor-element elementor-element-0d9ff6c elementor-section-boxed elementor-section-height-default elementor-section-height-default\" data-id=\"0d9ff6c\" data-element_type=\"section\">\n\t\t\t\t\t\t<div class=\"elementor-container elementor-column-gap-default\">\n\t\t\t\t\t<div class=\"elementor-column elementor-col-66 elementor-top-column elementor-element elementor-element-0da0710\" data-id=\"0da0710\" data-element_type=\"column\">\n\t\t\t<div class=\"elementor-widget-wrap elementor-element-populated\">\n\t\t\t\t\t\t<div class=\"elementor-element elementor-element-0f3a561 elementor-widget elementor-widget-vc_custom_heading\" data-id=\"0f3a561\" data-element_type=\"widget\" data-widget_type=\"vc_custom_heading.default\">\n\t\t\t\t<div class=\"elementor-widget-container\">\n\t\t\t\t\t<div class=\"vc_custom_heading  consulting_heading_font  text_align_left\" ><h1 style=\"text-align: left\" class=\"consulting-custom-title\">Resources and Projects<\/h1><\/div>\t\t\t\t<\/div>\n\t\t\t\t<\/div>\n\t\t\t\t<div class=\"elementor-element elementor-element-0da0d0c elementor-widget elementor-widget-stm_services\" data-id=\"0da0d0c\" data-element_type=\"widget\" data-widget_type=\"stm_services.default\">\n\t\t\t\t<div class=\"elementor-widget-container\">\n\t\t\t\t\t\n    <div class=\"stm_services consulting_elementor_services style_5 cols_4\">\n                    <div class=\"item\">\n                <div class=\"item_wr\">\n                                                                    <div class=\"item_thumbnail\">\n                            <a href=\"https:\/\/idd.md\/en\/service\/vocile-leadershipului-femeile-care-modeleaza-impactul\/\"><img src='https:\/\/idd.md\/wp-content\/uploads\/elementor\/thumbs\/freepik__bold-title-voices-of-leadership-women-shaping-the-__48529-scaled-rfd74xxenrthyccdqbmhui68mtmqtbk8zf6xaxubu4.png' alt='' \/><\/a>\n                        <\/div>\n                                        <div class=\"item_info\">\n                        <a href=\"https:\/\/idd.md\/en\/service\/vocile-leadershipului-femeile-care-modeleaza-impactul\/\" class=\"base_font_color text_decoration_none\">\n                            <h5 class=\"secondary_font_color_hv\">Vocile Leadershipului: Femeile care modeleaz\u0103 impactul<\/h5>\n                        <\/a>\n                        <div class=\"item_description\">\n                            \u00cencep\u00e2nd cu 1 noiembrie 2025, AO Institute for Democracy and Development lanseaz\u0103 un nou proiect \u2013 \u201eVoices of Leadership: Women Shaping the Impact\u201d (Vocile Leadershipului: Femeile care modeleaz\u0103 impactul), cu sprijinul UN Women Moldova \u0219i al Fondului WHPF.                         <\/div>\n                        <a href=\"https:\/\/idd.md\/en\/service\/vocile-leadershipului-femeile-care-modeleaza-impactul\/\" class=\"read_more\"><i class=\"stm-lnr-arrow-right third_bg_color\"><\/i>Read more                        <\/a>\n                    <\/div>\n                <\/div>\n            <\/div>\n                    <div class=\"item\">\n                <div class=\"item_wr\">\n                                                                    <div class=\"item_thumbnail\">\n                            <a href=\"https:\/\/idd.md\/en\/service\/women-lead-development-femeile-conduc-schimbarea-pentru-pace-si-dezvoltare-durabila\/\"><img src='https:\/\/idd.md\/wp-content\/uploads\/elementor\/thumbs\/Imagine-WhatsApp-2025-10-21-la-11.37.00_f2dedc6bs-rdiy8und47awyx3u01zj3hnhg9dk1rtyj84ltrivsc.jpg' alt='' \/><\/a>\n                        <\/div>\n                                        <div class=\"item_info\">\n                        <a href=\"https:\/\/idd.md\/en\/service\/women-lead-development-femeile-conduc-schimbarea-pentru-pace-si-dezvoltare-durabila\/\" class=\"base_font_color text_decoration_none\">\n                            <h5 class=\"secondary_font_color_hv\">Women Lead Development \u2013 femeile conduc schimbarea pentru pace \u0219i dezvoltare durabil\u0103<\/h5>\n                        <\/a>\n                        <div class=\"item_description\">\n                            WOMEN LEAD DEVELOPMENT                        <\/div>\n                        <a href=\"https:\/\/idd.md\/en\/service\/women-lead-development-femeile-conduc-schimbarea-pentru-pace-si-dezvoltare-durabila\/\" class=\"read_more\"><i class=\"stm-lnr-arrow-right third_bg_color\"><\/i>Read more                        <\/a>\n                    <\/div>\n                <\/div>\n            <\/div>\n                    <div class=\"item\">\n                <div class=\"item_wr\">\n                                                                    <div class=\"item_thumbnail\">\n                            <a href=\"https:\/\/idd.md\/en\/service\/enabling-peace-human-rights-and-womens-role-in-implementation-women-peace-and-security-wps-agenda-and-community-resilience\/\"><img src='https:\/\/idd.md\/wp-content\/uploads\/elementor\/thumbs\/Picture1-1-r2zsniafi9t985qfa1c3svboex6rkm2wnl7vh9gyng.jpg' alt='' \/><\/a>\n                        <\/div>\n                                        <div class=\"item_info\">\n                        <a href=\"https:\/\/idd.md\/en\/service\/enabling-peace-human-rights-and-womens-role-in-implementation-women-peace-and-security-wps-agenda-and-community-resilience\/\" class=\"base_font_color text_decoration_none\">\n                            <h5 class=\"secondary_font_color_hv\">Enabling Peace, Human Rights and Women&#8217;s Role in implementation Women, Peace and Security (WPS) Agenda and community resilience<\/h5>\n                        <\/a>\n                        <div class=\"item_description\">\n                            Proiect \u00een curs de derulare                         <\/div>\n                        <a href=\"https:\/\/idd.md\/en\/service\/enabling-peace-human-rights-and-womens-role-in-implementation-women-peace-and-security-wps-agenda-and-community-resilience\/\" class=\"read_more\"><i class=\"stm-lnr-arrow-right third_bg_color\"><\/i>Read more                        <\/a>\n                    <\/div>\n                <\/div>\n            <\/div>\n                    <div class=\"item\">\n                <div class=\"item_wr\">\n                                                                    <div class=\"item_thumbnail\">\n                            <a href=\"https:\/\/idd.md\/en\/service\/proiectul-enhance-womens-cohesion-in-peace-processes-and-sustainable-response-in-humanitarian-aid\/\"><img src='https:\/\/idd.md\/wp-content\/uploads\/elementor\/thumbs\/cover-scaled-qhdi0h3oip7k5eoqnxm5izpgjmbk7qzxli5vj22dt8.jpg' alt='' \/><\/a>\n                        <\/div>\n                                        <div class=\"item_info\">\n                        <a href=\"https:\/\/idd.md\/en\/service\/proiectul-enhance-womens-cohesion-in-peace-processes-and-sustainable-response-in-humanitarian-aid\/\" class=\"base_font_color text_decoration_none\">\n                            <h5 class=\"secondary_font_color_hv\">Proiectul &#8222;Enhance Women`s Cohesion in Peace Processes and Sustainable Response in Humanitarian Aid&#8221;<\/h5>\n                        <\/a>\n                        <div class=\"item_description\">\n                            Proiect finalizat.                        <\/div>\n                        <a href=\"https:\/\/idd.md\/en\/service\/proiectul-enhance-womens-cohesion-in-peace-processes-and-sustainable-response-in-humanitarian-aid\/\" class=\"read_more\"><i class=\"stm-lnr-arrow-right third_bg_color\"><\/i>Read more                        <\/a>\n                    <\/div>\n                <\/div>\n            <\/div>\n            <\/div>\n\t\t\t\t<\/div>\n\t\t\t\t<\/div>\n\t\t\t\t\t<\/div>\n\t\t<\/div>\n\t\t\t\t<div class=\"elementor-column elementor-col-33 elementor-top-column elementor-element elementor-element-0da0e38\" data-id=\"0da0e38\" data-element_type=\"column\">\n\t\t\t<div class=\"elementor-widget-wrap elementor-element-populated\">\n\t\t\t\t\t\t<div class=\"elementor-element elementor-element-0da13ac elementor-widget elementor-widget-stm_sidebar\" data-id=\"0da13ac\" data-element_type=\"widget\" data-widget_type=\"stm_sidebar.default\">\n\t\t\t\t<div class=\"elementor-widget-container\">\n\t\t\t\t\t\n<div class=\"stm_sidebar consulting_elementor_sidebar\">\n\n            \t\t<div data-elementor-type=\"wp-post\" data-elementor-id=\"311\" class=\"elementor elementor-311\" data-elementor-post-type=\"stm_vc_sidebar\">\n\t\t\t\t\t\t<section class=\"elementor-section elementor-top-section elementor-element elementor-element-c857da8 elementor-hidden-mobile elementor-section-boxed elementor-section-height-default elementor-section-height-default\" data-id=\"c857da8\" data-element_type=\"section\" data-settings=\"{&quot;background_background&quot;:&quot;classic&quot;}\">\n\t\t\t\t\t\t<div class=\"elementor-container elementor-column-gap-default\">\n\t\t\t\t\t<div class=\"elementor-column elementor-col-100 elementor-top-column elementor-element elementor-element-c858737\" data-id=\"c858737\" data-element_type=\"column\">\n\t\t\t<div class=\"elementor-widget-wrap elementor-element-populated\">\n\t\t\t\t\t\t<div class=\"elementor-element elementor-element-5ab6fad elementor-widget elementor-widget-spacer\" data-id=\"5ab6fad\" data-element_type=\"widget\" data-widget_type=\"spacer.default\">\n\t\t\t\t<div class=\"elementor-widget-container\">\n\t\t\t\t\t\t\t<div class=\"elementor-spacer\">\n\t\t\t<div class=\"elementor-spacer-inner\"><\/div>\n\t\t<\/div>\n\t\t\t\t\t\t<\/div>\n\t\t\t\t<\/div>\n\t\t\t\t<div class=\"elementor-element elementor-element-22a672b elementor-widget elementor-widget-wp-widget-nav_menu\" data-id=\"22a672b\" data-element_type=\"widget\" data-widget_type=\"wp-widget-nav_menu.default\">\n\t\t\t\t<div class=\"elementor-widget-container\">\n\t\t\t\t\t<aside class='widget widget_nav_menu'><div class=\"menu-sidebar-menu-1-container\"><ul id=\"menu-sidebar-menu-1\" class=\"menu\"><li id=\"menu-item-17243\" class=\"menu-item menu-item-type-taxonomy menu-item-object-category menu-item-17243\"><a href=\"https:\/\/idd.md\/en\/category\/news\/\">News<\/a><\/li>\n<li id=\"menu-item-17353\" class=\"menu-item menu-item-type-post_type menu-item-object-page menu-item-17353\"><a href=\"https:\/\/idd.md\/en\/op-ed\/\">OP-ED<\/a><\/li>\n<li id=\"menu-item-17381\" class=\"menu-item menu-item-type-taxonomy menu-item-object-category menu-item-17381\"><a href=\"https:\/\/idd.md\/en\/category\/studiu\/\">Studiu<\/a><\/li>\n<li id=\"menu-item-17242\" class=\"menu-item menu-item-type-taxonomy menu-item-object-category menu-item-17242\"><a href=\"https:\/\/idd.md\/en\/category\/comunicat-de-presa\/\">Press-Release<\/a><\/li>\n<\/ul><\/div><\/aside>\t\t\t\t<\/div>\n\t\t\t\t<\/div>\n\t\t\t\t<div class=\"elementor-element elementor-element-c85a994 elementor-align-left elementor-widget elementor-widget-button\" data-id=\"c85a994\" data-element_type=\"widget\" data-widget_type=\"button.default\">\n\t\t\t\t<div class=\"elementor-widget-container\">\n\t\t\t\t\t\t\t\t\t<div class=\"elementor-button-wrapper icon_align_  button_block\">\n\t\t\t\t\t<a class=\"elementor-button elementor-button-link elementor-size-md\" href=\"https:\/\/idd.md\/wp-content\/uploads\/2023\/12\/Timeline-Infografic-AO-I4DD.pdf\">\n\t\t\t\t\t\t<span class=\"elementor-button-content-wrapper\">\n\t\t\t\t\t\t<span class=\"elementor-button-icon\">\n\t\t\t\t<i aria-hidden=\"true\" class=\"fa fa-file-pdf-o\"><\/i>\t\t\t<\/span>\n\t\t\t\t\t\t\t\t\t<span class=\"elementor-button-text\">Presentation of the Association <\/span>\n\t\t\t\t\t<\/span>\n\t\t\t\t\t<\/a>\n\t\t\t\t<\/div>\n\t\t\t\t\t\t\t\t<\/div>\n\t\t\t\t<\/div>\n\t\t\t\t\t<\/div>\n\t\t<\/div>\n\t\t\t\t\t<\/div>\n\t\t<\/section>\n\t\t\t\t<section class=\"elementor-section elementor-top-section elementor-element elementor-element-39bf392 elementor-hidden-mobile elementor-section-boxed elementor-section-height-default elementor-section-height-default\" data-id=\"39bf392\" data-element_type=\"section\">\n\t\t\t\t\t\t<div class=\"elementor-container elementor-column-gap-default\">\n\t\t\t\t\t<div class=\"elementor-column elementor-col-100 elementor-top-column elementor-element elementor-element-0cf184a\" data-id=\"0cf184a\" data-element_type=\"column\" data-settings=\"{&quot;background_background&quot;:&quot;classic&quot;}\">\n\t\t\t<div class=\"elementor-widget-wrap elementor-element-populated\">\n\t\t\t\t\t\t<section class=\"elementor-section elementor-inner-section elementor-element elementor-element-1df25ce elementor-section-boxed elementor-section-height-default elementor-section-height-default\" data-id=\"1df25ce\" data-element_type=\"section\" data-settings=\"{&quot;background_background&quot;:&quot;classic&quot;}\">\n\t\t\t\t\t\t<div class=\"elementor-container elementor-column-gap-default\">\n\t\t\t\t\t<div class=\"elementor-column elementor-col-100 elementor-inner-column elementor-element elementor-element-c5dc57a\" data-id=\"c5dc57a\" data-element_type=\"column\">\n\t\t\t<div class=\"elementor-widget-wrap elementor-element-populated\">\n\t\t\t\t\t\t<div class=\"elementor-element elementor-element-386d43c elementor-widget elementor-widget-vc_custom_heading\" data-id=\"386d43c\" data-element_type=\"widget\" data-widget_type=\"vc_custom_heading.default\">\n\t\t\t\t<div class=\"elementor-widget-container\">\n\t\t\t\t\t<div class=\"vc_custom_heading  consulting_heading_font  text_align_left title_no_stripe\" ><div style=\"font-size: 16px;color: #ffffff;text-align: left;font-weight:700\" class=\"consulting-custom-title\">Do you need our support?\n<\/div><\/div>\t\t\t\t<\/div>\n\t\t\t\t<\/div>\n\t\t\t\t<div class=\"elementor-element elementor-element-8d57cee elementor-widget elementor-widget-text-editor\" data-id=\"8d57cee\" data-element_type=\"widget\" data-widget_type=\"text-editor.default\">\n\t\t\t\t<div class=\"elementor-widget-container\">\n\t\t\t\t\t\t\t\t\t<p><span style=\"font-size: 13px; line-height: 22px; color: #ffffff;\">Contact us to find out more information about our activity!\u00a0<\/span><\/p>\n\t\t\t\t\t\t\t\t<\/div>\n\t\t\t\t<\/div>\n\t\t\t\t<div class=\"elementor-element elementor-element-0192cba elementor-widget__width-auto elementor-widget elementor-widget-button\" data-id=\"0192cba\" data-element_type=\"widget\" data-widget_type=\"button.default\">\n\t\t\t\t<div class=\"elementor-widget-container\">\n\t\t\t\t\t\t\t\t\t<div class=\"elementor-button-wrapper icon_align_\">\n\t\t\t\t\t<a class=\"elementor-button elementor-button-link elementor-size-md\" href=\"https:\/\/idd.md\/en\/contacte\/\">\n\t\t\t\t\t\t<span class=\"elementor-button-content-wrapper\">\n\t\t\t\t\t\t<span class=\"elementor-button-icon\">\n\t\t\t\t<svg aria-hidden=\"true\" class=\"e-font-icon-svg e-fas-phone-square-alt\" viewbox=\"0 0 448 512\" xmlns=\"http:\/\/www.w3.org\/2000\/svg\"><path d=\"M400 32H48A48 48 0 0 0 0 80v352a48 48 0 0 0 48 48h352a48 48 0 0 0 48-48V80a48 48 0 0 0-48-48zm-16.39 307.37l-15 65A15 15 0 0 1 354 416C194 416 64 286.29 64 126a15.7 15.7 0 0 1 11.63-14.61l65-15A18.23 18.23 0 0 1 144 96a16.27 16.27 0 0 1 13.79 9.09l30 70A17.9 17.9 0 0 1 189 181a17 17 0 0 1-5.5 11.61l-37.89 31a231.91 231.91 0 0 0 110.78 110.78l31-37.89A17 17 0 0 1 299 291a17.85 17.85 0 0 1 5.91 1.21l70 30A16.25 16.25 0 0 1 384 336a17.41 17.41 0 0 1-.39 3.37z\"><\/path><\/svg>\t\t\t<\/span>\n\t\t\t\t\t\t\t\t\t<span class=\"elementor-button-text\">Contact<\/span>\n\t\t\t\t\t<\/span>\n\t\t\t\t\t<\/a>\n\t\t\t\t<\/div>\n\t\t\t\t\t\t\t\t<\/div>\n\t\t\t\t<\/div>\n\t\t\t\t\t<\/div>\n\t\t<\/div>\n\t\t\t\t\t<\/div>\n\t\t<\/section>\n\t\t\t\t\t<\/div>\n\t\t<\/div>\n\t\t\t\t\t<\/div>\n\t\t<\/section>\n\t\t\t\t<section class=\"elementor-section elementor-top-section elementor-element elementor-element-c85ec98 elementor-hidden-mobile elementor-section-boxed elementor-section-height-default elementor-section-height-default\" data-id=\"c85ec98\" data-element_type=\"section\">\n\t\t\t\t\t\t<div class=\"elementor-container elementor-column-gap-default\">\n\t\t\t\t\t<div class=\"elementor-column elementor-col-100 elementor-top-column elementor-element elementor-element-c85f302\" data-id=\"c85f302\" data-element_type=\"column\">\n\t\t\t<div class=\"elementor-widget-wrap elementor-element-populated\">\n\t\t\t\t\t\t<div class=\"elementor-element elementor-element-c85f86e elementor-widget elementor-widget-stm_testimonials\" data-id=\"c85f86e\" data-element_type=\"widget\" data-widget_type=\"stm_testimonials.default\">\n\t\t\t\t<div class=\"elementor-widget-container\">\n\t\t\t\t\t\n\n\t\t\t<div class=\"stm_testimonials consulting_elementor_testimonials cols_1 style_1\">\n\t\t\t\t\t\t\t<div class=\"item\">\n\t\t\t\t\t<div class=\"testimonial\"><p>I was impressed by how the association uses its resources and expertise to make a real difference in the community. <\/p>\n<\/div>\n\t\t\t\t\t<div class=\"testimonial-info clearfix\">\n\t\t\t\t\t\t<div class=\"testimonial-image\"><img decoding=\"async\" width=\"50\" height=\"50\" src=\"https:\/\/idd.md\/wp-content\/uploads\/2023\/12\/testimonials-3-3-50x50.jpg\" class=\"attachment-consulting-image-50x50-croped size-consulting-image-50x50-croped wp-post-image\" alt=\"\" srcset=\"https:\/\/idd.md\/wp-content\/uploads\/2023\/12\/testimonials-3-3-50x50.jpg 50w, https:\/\/idd.md\/wp-content\/uploads\/2023\/12\/testimonials-3-3-300x300.jpg 300w, https:\/\/idd.md\/wp-content\/uploads\/2023\/12\/testimonials-3-3-150x150.jpg 150w, https:\/\/idd.md\/wp-content\/uploads\/2023\/12\/testimonials-3-3-320x320.jpg 320w, https:\/\/idd.md\/wp-content\/uploads\/2023\/12\/testimonials-3-3.jpg 360w\" sizes=\"(max-width: 50px) 100vw, 50px\" \/><\/div>\n\t\t\t\t\t\t<div class=\"testimonial-text\">\n\t\t\t\t\t\t\t<div class=\"name\">Iurie Tudoreanu<\/div>\n\t\t\t\t\t\t\t<div class=\"company\">\n\t\t\t\t\t\t\t\t\t\t\t\t\t\t<\/div>\n\t\t\t\t\t\t<\/div>\n\t\t\t\t\t<\/div>\n\t\t\t\t<\/div>\n\t\t\t\t\t<\/div>\n\t\n\t\t\t\t\t<\/div>\n\t\t\t\t<\/div>\n\t\t\t\t\t<\/div>\n\t\t<\/div>\n\t\t\t\t\t<\/div>\n\t\t<\/section>\n\t\t\t\t<\/div>\n\t\t    \n<\/div>\t\t\t\t<\/div>\n\t\t\t\t<\/div>\n\t\t\t\t\t<\/div>\n\t\t<\/div>\n\t\t\t\t\t<\/div>\n\t\t<\/section>\n\t\t\t\t<\/div>","protected":false},"excerpt":{"rendered":"<p>Resurse \u0219i Proiecte Proiectul &#8220;Enhance Women`s Cohesion in Peace Processes and Sustainable Response in Humanitarian Aid&#8221; Sporirea coeziunii femeilor \u00een procesele de pace \u0219i r\u0103spunsul durabil \u00een ajutorul umanitar Read more Prezentarea Asocia\u021bei Ave\u021bi nevoie de suportul nostru? Contacteaz\u0103-ne pentru a afla mai multe informa\u021bii despre activitatea noastr\u0103!\u00a0 Contacte Am fost impresionat de modul \u00een<\/p>","protected":false},"author":1,"featured_media":0,"parent":0,"menu_order":0,"comment_status":"closed","ping_status":"closed","template":"","meta":{"footnotes":""},"class_list":["post-6228","page","type-page","status-publish","hentry"],"_links":{"self":[{"href":"https:\/\/idd.md\/en\/wp-json\/wp\/v2\/pages\/6228","targetHints":{"allow":["GET"]}}],"collection":[{"href":"https:\/\/idd.md\/en\/wp-json\/wp\/v2\/pages"}],"about":[{"href":"https:\/\/idd.md\/en\/wp-json\/wp\/v2\/types\/page"}],"author":[{"embeddable":true,"href":"https:\/\/idd.md\/en\/wp-json\/wp\/v2\/users\/1"}],"replies":[{"embeddable":true,"href":"https:\/\/idd.md\/en\/wp-json\/wp\/v2\/comments?post=6228"}],"version-history":[{"count":8,"href":"https:\/\/idd.md\/en\/wp-json\/wp\/v2\/pages\/6228\/revisions"}],"predecessor-version":[{"id":16897,"href":"https:\/\/idd.md\/en\/wp-json\/wp\/v2\/pages\/6228\/revisions\/16897"}],"wp:attachment":[{"href":"https:\/\/idd.md\/en\/wp-json\/wp\/v2\/media?parent=6228"}],"curies":[{"name":"wp","href":"https:\/\/api.w.org\/{rel}","templated":true}]}}