{"id":6180,"date":"2019-11-22T05:03:08","date_gmt":"2019-11-22T05:03:08","guid":{"rendered":"http:\/\/demo-import.loc\/?page_id=6180"},"modified":"2023-12-20T10:19:29","modified_gmt":"2023-12-20T10:19:29","slug":"cariera","status":"publish","type":"page","link":"https:\/\/idd.md\/en\/cariera\/","title":{"rendered":"Hiring"},"content":{"rendered":"<div data-elementor-type=\"wp-page\" data-elementor-id=\"6180\" class=\"elementor elementor-6180\" data-elementor-post-type=\"page\">\n\t\t\t\t\t\t<section class=\"elementor-section elementor-top-section elementor-element elementor-element-194b215 elementor-section-boxed elementor-section-height-default elementor-section-height-default\" data-id=\"194b215\" data-element_type=\"section\">\n\t\t\t\t\t\t<div class=\"elementor-container elementor-column-gap-default\">\n\t\t\t\t\t<div class=\"elementor-column elementor-col-100 elementor-top-column elementor-element elementor-element-194ba84\" data-id=\"194ba84\" data-element_type=\"column\">\n\t\t\t<div class=\"elementor-widget-wrap elementor-element-populated\">\n\t\t\t\t\t\t<div class=\"elementor-element elementor-element-194c19d elementor-widget elementor-widget-vc_custom_heading\" data-id=\"194c19d\" data-element_type=\"widget\" data-widget_type=\"vc_custom_heading.default\">\n\t\t\t\t<div class=\"elementor-widget-container\">\n\t\t\t\t\t<div class=\"vc_custom_heading  consulting_heading_font  text_align_left title_no_stripe\" ><h2 style=\"text-align: left;font-weight:700\" class=\"consulting-custom-title\">Hiring<\/h2><\/div>\t\t\t\t<\/div>\n\t\t\t\t<\/div>\n\t\t\t\t<div class=\"elementor-element elementor-element-194c64d elementor-widget elementor-widget-stm_spacing\" data-id=\"194c64d\" data-element_type=\"widget\" data-widget_type=\"stm_spacing.default\">\n\t\t\t\t<div class=\"elementor-widget-container\">\n\t\t\t\t\t<div class=\"stm-spacing\" id=\"stm-spacing-69dfd88aaace4\"><\/div>\n<script>\n    (function($){\n        \"use strict\";\n        var spacingID = 'stm-spacing-69dfd88aaace4',\n            lgSpacing = '30',\n            mdSpacing = '30',\n            smSpacing = '30',\n            xsSpacing = '30';\n\n        function stmSpacing() {\n            if ( window.matchMedia(\"(min-width: 1200px)\").matches && lgSpacing ) {\n                $( '#' + spacingID ).css ( \"height\", lgSpacing );\n            } else if ( window.matchMedia(\"(max-width: 1199px) and (min-width: 992px )\").matches && mdSpacing ) {\n                $( '#' + spacingID ).css ( \"height\", mdSpacing );\n            } else if ( window.matchMedia(\"(max-width: 991px) and (min-width: 768px )\").matches && smSpacing ) {\n                $( '#' + spacingID ).css ( \"height\", smSpacing );\n            } else if ( window.matchMedia(\"(max-width: 767px)\").matches && xsSpacing ) {\n                $( '#' + spacingID ).css ( \"height\", xsSpacing );\n            } else {\n                $( '#' + spacingID ).css ( \"height\", \"\" );\n            }\n        }\n\n        $(document).ready(function() {\n            stmSpacing();\n        });\n\n        $(window).resize(function() {\n            stmSpacing();\n        });\n\n    })(jQuery);\n<\/script>\t\t\t\t<\/div>\n\t\t\t\t<\/div>\n\t\t\t\t<section class=\"elementor-section elementor-top-section elementor-element elementor-element-194c76c elementor-section-boxed elementor-section-height-default elementor-section-height-default\" data-id=\"194c76c\" data-element_type=\"section\">\n\t\t\t\t\t\t<div class=\"elementor-container elementor-column-gap-default\">\n\t\t\t\t\t<div class=\"elementor-column elementor-col-100 elementor-top-column elementor-element elementor-element-194daaa\" data-id=\"194daaa\" data-element_type=\"column\">\n\t\t\t<div class=\"elementor-widget-wrap elementor-element-populated\">\n\t\t\t\t\t\t<div class=\"elementor-element elementor-element-194e41b elementor-widget elementor-widget-text-editor\" data-id=\"194e41b\" data-element_type=\"widget\" data-widget_type=\"text-editor.default\">\n\t\t\t\t<div class=\"elementor-widget-container\">\n\t\t\t\t\t\t\t\t\t<p><strong>AO I4DD<\/strong> este dedicat\u0103 de a face ca comunit\u0103\u021bile \u0219i oamenii (cet\u0103\u021benii) s\u0103 tr\u0103iasc\u0103 \u00een bun\u0103stare \u0219i pace \u00eentr-o socitate bazat\u0103 de o guvernare democratic\u0103, statul de drept \u0219i drepturile omului. Angajarea \u00eentr-o asocia\u021bie precum I4DD poate fi extrem de benefic\u0103 \u0219i \u00eemplinitoare din mai multe motive. <br \/>Iat\u0103 trei motive principale pentru a lua \u00een considerare o astfel de implicare:<\/p>\n\t\t\t\t\t\t\t\t<\/div>\n\t\t\t\t<\/div>\n\t\t\t\t\t<\/div>\n\t\t<\/div>\n\t\t\t\t\t<\/div>\n\t\t<\/section>\n\t\t\t\t<div class=\"elementor-element elementor-element-194e79f elementor-widget elementor-widget-stm_spacing\" data-id=\"194e79f\" data-element_type=\"widget\" data-widget_type=\"stm_spacing.default\">\n\t\t\t\t<div class=\"elementor-widget-container\">\n\t\t\t\t\t<div class=\"stm-spacing\" id=\"stm-spacing-69dfd88aabe15\"><\/div>\n<script>\n    (function($){\n        \"use strict\";\n        var spacingID = 'stm-spacing-69dfd88aabe15',\n            lgSpacing = '50',\n            mdSpacing = '50',\n            smSpacing = '50',\n            xsSpacing = '40';\n\n        function stmSpacing() {\n            if ( window.matchMedia(\"(min-width: 1200px)\").matches && lgSpacing ) {\n                $( '#' + spacingID ).css ( \"height\", lgSpacing );\n            } else if ( window.matchMedia(\"(max-width: 1199px) and (min-width: 992px )\").matches && mdSpacing ) {\n                $( '#' + spacingID ).css ( \"height\", mdSpacing );\n            } else if ( window.matchMedia(\"(max-width: 991px) and (min-width: 768px )\").matches && smSpacing ) {\n                $( '#' + spacingID ).css ( \"height\", smSpacing );\n            } else if ( window.matchMedia(\"(max-width: 767px)\").matches && xsSpacing ) {\n                $( '#' + spacingID ).css ( \"height\", xsSpacing );\n            } else {\n                $( '#' + spacingID ).css ( \"height\", \"\" );\n            }\n        }\n\n        $(document).ready(function() {\n            stmSpacing();\n        });\n\n        $(window).resize(function() {\n            stmSpacing();\n        });\n\n    })(jQuery);\n<\/script>\t\t\t\t<\/div>\n\t\t\t\t<\/div>\n\t\t\t\t<section class=\"elementor-section elementor-top-section elementor-element elementor-element-194e8a7 elementor-section-boxed elementor-section-height-default elementor-section-height-default\" data-id=\"194e8a7\" data-element_type=\"section\">\n\t\t\t\t\t\t<div class=\"elementor-container elementor-column-gap-default\">\n\t\t\t\t\t<div class=\"elementor-column elementor-col-33 elementor-top-column elementor-element elementor-element-194f01a\" data-id=\"194f01a\" data-element_type=\"column\">\n\t\t\t<div class=\"elementor-widget-wrap elementor-element-populated\">\n\t\t\t\t\t\t<div class=\"elementor-element elementor-element-194f681 elementor-widget elementor-widget-stm_info_box\" data-id=\"194f681\" data-element_type=\"widget\" data-widget_type=\"stm_info_box.default\">\n\t\t\t\t<div class=\"elementor-widget-container\">\n\t\t\t\t\t<div class=\"infobox  elementor-consulting-info-box style_8\">\n\t\t\t<div class=\"infobox_title_wrap\">\n\t\t\t\t\t\t\t<i class=\"third_bg_color base_font_color stm-suitcase-2\"><\/i>\n\t\t\t\t\t\t<h4 class=\"infobox_title\">Contribu\u021bie la Schimbare Social\u0103 Pozitiv\u0103<\/h4>\n\t\t<\/div>\n\t\t\t\t<div class=\"infobox_content base_font_color\">\n\t\t\t<p>Prin implicarea \u00een I4DD, candida'ii au oportunitatea de a contribui activ la promovarea drepturilor \u0219i libert\u0103\u021bilor fundamentale ale omului, inclusiv echitatea de gen \u0219i egalitatea de gen. Acest lucru poate duce la schimb\u0103ri semnificative \u0219i pozitive \u00een societate, contribuind la crearea unui mediu mai echitabil \u0219i mai just pentru to\u021bi.<\/p>\n\t\t<\/div>\n\t<\/div>\n\t\t\t\t<\/div>\n\t\t\t\t<\/div>\n\t\t\t\t<div class=\"elementor-element elementor-element-194f866 elementor-widget elementor-widget-stm_spacing\" data-id=\"194f866\" data-element_type=\"widget\" data-widget_type=\"stm_spacing.default\">\n\t\t\t\t<div class=\"elementor-widget-container\">\n\t\t\t\t\t<div class=\"stm-spacing\" id=\"stm-spacing-69dfd88aacbdc\"><\/div>\n<script>\n    (function($){\n        \"use strict\";\n        var spacingID = 'stm-spacing-69dfd88aacbdc',\n            lgSpacing = '0',\n            mdSpacing = '0',\n            smSpacing = '0',\n            xsSpacing = '30';\n\n        function stmSpacing() {\n            if ( window.matchMedia(\"(min-width: 1200px)\").matches && lgSpacing ) {\n                $( '#' + spacingID ).css ( \"height\", lgSpacing );\n            } else if ( window.matchMedia(\"(max-width: 1199px) and (min-width: 992px )\").matches && mdSpacing ) {\n                $( '#' + spacingID ).css ( \"height\", mdSpacing );\n            } else if ( window.matchMedia(\"(max-width: 991px) and (min-width: 768px )\").matches && smSpacing ) {\n                $( '#' + spacingID ).css ( \"height\", smSpacing );\n            } else if ( window.matchMedia(\"(max-width: 767px)\").matches && xsSpacing ) {\n                $( '#' + spacingID ).css ( \"height\", xsSpacing );\n            } else {\n                $( '#' + spacingID ).css ( \"height\", \"\" );\n            }\n        }\n\n        $(document).ready(function() {\n            stmSpacing();\n        });\n\n        $(window).resize(function() {\n            stmSpacing();\n        });\n\n    })(jQuery);\n<\/script>\t\t\t\t<\/div>\n\t\t\t\t<\/div>\n\t\t\t\t\t<\/div>\n\t\t<\/div>\n\t\t\t\t<div class=\"elementor-column elementor-col-33 elementor-top-column elementor-element elementor-element-194f967\" data-id=\"194f967\" data-element_type=\"column\">\n\t\t\t<div class=\"elementor-widget-wrap elementor-element-populated\">\n\t\t\t\t\t\t<div class=\"elementor-element elementor-element-194fef5 elementor-widget elementor-widget-stm_info_box\" data-id=\"194fef5\" data-element_type=\"widget\" data-widget_type=\"stm_info_box.default\">\n\t\t\t\t<div class=\"elementor-widget-container\">\n\t\t\t\t\t<div class=\"infobox  elementor-consulting-info-box style_8\">\n\t\t\t<div class=\"infobox_title_wrap\">\n\t\t\t\t\t\t\t<i class=\"third_bg_color base_font_color far fa-arrow-alt-circle-up\"><\/i>\n\t\t\t\t\t\t<h4 class=\"infobox_title\">Dezvoltare Personal\u0103 \u0219i Profesional\u0103<\/h4>\n\t\t<\/div>\n\t\t\t\t<div class=\"infobox_content base_font_color\">\n\t\t\t<p>Participarea \u00een activit\u0103\u021bile unei asocia\u021bii ca I4DD ofer\u0103 oportunit\u0103\u021bi ample de \u00eenv\u0103\u021bare \u0219i dezvoltare. Membrii pot dob\u00e2ndi competen\u021be noi, precum leadershipul, comunicarea, advocacy-ul \u0219i managementul proiectelor. Aceste abilit\u0103\u021bi sunt valoroase nu doar \u00een contextul asocia\u021biei, ci \u0219i \u00een carierele \u0219i via\u021ba personal\u0103 a membrilor.<\/p>\n\t\t<\/div>\n\t<\/div>\n\t\t\t\t<\/div>\n\t\t\t\t<\/div>\n\t\t\t\t<div class=\"elementor-element elementor-element-19500f7 elementor-widget elementor-widget-stm_spacing\" data-id=\"19500f7\" data-element_type=\"widget\" data-widget_type=\"stm_spacing.default\">\n\t\t\t\t<div class=\"elementor-widget-container\">\n\t\t\t\t\t<div class=\"stm-spacing\" id=\"stm-spacing-69dfd88aad622\"><\/div>\n<script>\n    (function($){\n        \"use strict\";\n        var spacingID = 'stm-spacing-69dfd88aad622',\n            lgSpacing = '0',\n            mdSpacing = '0',\n            smSpacing = '0',\n            xsSpacing = '30';\n\n        function stmSpacing() {\n            if ( window.matchMedia(\"(min-width: 1200px)\").matches && lgSpacing ) {\n                $( '#' + spacingID ).css ( \"height\", lgSpacing );\n            } else if ( window.matchMedia(\"(max-width: 1199px) and (min-width: 992px )\").matches && mdSpacing ) {\n                $( '#' + spacingID ).css ( \"height\", mdSpacing );\n            } else if ( window.matchMedia(\"(max-width: 991px) and (min-width: 768px )\").matches && smSpacing ) {\n                $( '#' + spacingID ).css ( \"height\", smSpacing );\n            } else if ( window.matchMedia(\"(max-width: 767px)\").matches && xsSpacing ) {\n                $( '#' + spacingID ).css ( \"height\", xsSpacing );\n            } else {\n                $( '#' + spacingID ).css ( \"height\", \"\" );\n            }\n        }\n\n        $(document).ready(function() {\n            stmSpacing();\n        });\n\n        $(window).resize(function() {\n            stmSpacing();\n        });\n\n    })(jQuery);\n<\/script>\t\t\t\t<\/div>\n\t\t\t\t<\/div>\n\t\t\t\t\t<\/div>\n\t\t<\/div>\n\t\t\t\t<div class=\"elementor-column elementor-col-33 elementor-top-column elementor-element elementor-element-19501f7\" data-id=\"19501f7\" data-element_type=\"column\">\n\t\t\t<div class=\"elementor-widget-wrap elementor-element-populated\">\n\t\t\t\t\t\t<div class=\"elementor-element elementor-element-1950816 elementor-widget elementor-widget-stm_info_box\" data-id=\"1950816\" data-element_type=\"widget\" data-widget_type=\"stm_info_box.default\">\n\t\t\t\t<div class=\"elementor-widget-container\">\n\t\t\t\t\t<div class=\"infobox  elementor-consulting-info-box style_8\">\n\t\t\t<div class=\"infobox_title_wrap\">\n\t\t\t\t\t\t\t<i class=\"third_bg_color base_font_color far fa-comments\"><\/i>\n\t\t\t\t\t\t<h4 class=\"infobox_title\">Construirea unei Re\u021bele de Contacte<\/h4>\n\t\t<\/div>\n\t\t\t\t<div class=\"infobox_content base_font_color\">\n\t\t\t<p>Angajarea \u00een I4DD permite crearea \u0219i extinderea unei re\u021bele de contacte profesionale \u0219i personale. Membrii asocia\u021biei pot \u00eent\u00e2lni oameni cu interese \u0219i valori similare, cre\u00e2nd conexiuni durabile care pot fi valoroase at\u00e2t \u00een scopuri profesionale, c\u00e2t \u0219i personale, oferind o platform\u0103 excelent\u0103 pentru schimburi de idei \u0219i colabor\u0103ri.<\/p>\n\t\t<\/div>\n\t<\/div>\n\t\t\t\t<\/div>\n\t\t\t\t<\/div>\n\t\t\t\t<div class=\"elementor-element elementor-element-09e638a elementor-widget elementor-widget-stm_spacing\" data-id=\"09e638a\" data-element_type=\"widget\" data-widget_type=\"stm_spacing.default\">\n\t\t\t\t<div class=\"elementor-widget-container\">\n\t\t\t\t\t<div class=\"stm-spacing\" id=\"stm-spacing-69dfd88aae063\"><\/div>\n<script>\n    (function($){\n        \"use strict\";\n        var spacingID = 'stm-spacing-69dfd88aae063',\n            lgSpacing = '0',\n            mdSpacing = '0',\n            smSpacing = '0',\n            xsSpacing = '30';\n\n        function stmSpacing() {\n            if ( window.matchMedia(\"(min-width: 1200px)\").matches && lgSpacing ) {\n                $( '#' + spacingID ).css ( \"height\", lgSpacing );\n            } else if ( window.matchMedia(\"(max-width: 1199px) and (min-width: 992px )\").matches && mdSpacing ) {\n                $( '#' + spacingID ).css ( \"height\", mdSpacing );\n            } else if ( window.matchMedia(\"(max-width: 991px) and (min-width: 768px )\").matches && smSpacing ) {\n                $( '#' + spacingID ).css ( \"height\", smSpacing );\n            } else if ( window.matchMedia(\"(max-width: 767px)\").matches && xsSpacing ) {\n                $( '#' + spacingID ).css ( \"height\", xsSpacing );\n            } else {\n                $( '#' + spacingID ).css ( \"height\", \"\" );\n            }\n        }\n\n        $(document).ready(function() {\n            stmSpacing();\n        });\n\n        $(window).resize(function() {\n            stmSpacing();\n        });\n\n    })(jQuery);\n<\/script>\t\t\t\t<\/div>\n\t\t\t\t<\/div>\n\t\t\t\t\t<\/div>\n\t\t<\/div>\n\t\t\t\t\t<\/div>\n\t\t<\/section>\n\t\t\t\t<div class=\"elementor-element elementor-element-1950a27 elementor-widget elementor-widget-stm_spacing\" data-id=\"1950a27\" data-element_type=\"widget\" data-widget_type=\"stm_spacing.default\">\n\t\t\t\t<div class=\"elementor-widget-container\">\n\t\t\t\t\t<div class=\"stm-spacing\" id=\"stm-spacing-69dfd88aae4c1\"><\/div>\n<script>\n    (function($){\n        \"use strict\";\n        var spacingID = 'stm-spacing-69dfd88aae4c1',\n            lgSpacing = '100',\n            mdSpacing = '80',\n            smSpacing = '70',\n            xsSpacing = '60';\n\n        function stmSpacing() {\n            if ( window.matchMedia(\"(min-width: 1200px)\").matches && lgSpacing ) {\n                $( '#' + spacingID ).css ( \"height\", lgSpacing );\n            } else if ( window.matchMedia(\"(max-width: 1199px) and (min-width: 992px )\").matches && mdSpacing ) {\n                $( '#' + spacingID ).css ( \"height\", mdSpacing );\n            } else if ( window.matchMedia(\"(max-width: 991px) and (min-width: 768px )\").matches && smSpacing ) {\n                $( '#' + spacingID ).css ( \"height\", smSpacing );\n            } else if ( window.matchMedia(\"(max-width: 767px)\").matches && xsSpacing ) {\n                $( '#' + spacingID ).css ( \"height\", xsSpacing );\n            } else {\n                $( '#' + spacingID ).css ( \"height\", \"\" );\n            }\n        }\n\n        $(document).ready(function() {\n            stmSpacing();\n        });\n\n        $(window).resize(function() {\n            stmSpacing();\n        });\n\n    })(jQuery);\n<\/script>\t\t\t\t<\/div>\n\t\t\t\t<\/div>\n\t\t\t\t<div class=\"elementor-element elementor-element-1950b3f elementor-widget elementor-widget-vc_custom_heading\" data-id=\"1950b3f\" data-element_type=\"widget\" data-widget_type=\"vc_custom_heading.default\">\n\t\t\t\t<div class=\"elementor-widget-container\">\n\t\t\t\t\t<div class=\"vc_custom_heading  consulting_heading_font  text_align_center stripe_left_right\" ><h2 style=\"text-align: center;font-weight:700\" class=\"consulting-custom-title\">Pozi\u021bii vacante\n<\/h2><\/div>\t\t\t\t<\/div>\n\t\t\t\t<\/div>\n\t\t\t\t<div class=\"elementor-element elementor-element-fd097eb elementor-widget elementor-widget-stm_spacing\" data-id=\"fd097eb\" data-element_type=\"widget\" data-widget_type=\"stm_spacing.default\">\n\t\t\t\t<div class=\"elementor-widget-container\">\n\t\t\t\t\t<div class=\"stm-spacing\" id=\"stm-spacing-69dfd88aaecbf\"><\/div>\n<script>\n    (function($){\n        \"use strict\";\n        var spacingID = 'stm-spacing-69dfd88aaecbf',\n            lgSpacing = '30',\n            mdSpacing = '30',\n            smSpacing = '30',\n            xsSpacing = '20';\n\n        function stmSpacing() {\n            if ( window.matchMedia(\"(min-width: 1200px)\").matches && lgSpacing ) {\n                $( '#' + spacingID ).css ( \"height\", lgSpacing );\n            } else if ( window.matchMedia(\"(max-width: 1199px) and (min-width: 992px )\").matches && mdSpacing ) {\n                $( '#' + spacingID ).css ( \"height\", mdSpacing );\n            } else if ( window.matchMedia(\"(max-width: 991px) and (min-width: 768px )\").matches && smSpacing ) {\n                $( '#' + spacingID ).css ( \"height\", smSpacing );\n            } else if ( window.matchMedia(\"(max-width: 767px)\").matches && xsSpacing ) {\n                $( '#' + spacingID ).css ( \"height\", xsSpacing );\n            } else {\n                $( '#' + spacingID ).css ( \"height\", \"\" );\n            }\n        }\n\n        $(document).ready(function() {\n            stmSpacing();\n        });\n\n        $(window).resize(function() {\n            stmSpacing();\n        });\n\n    })(jQuery);\n<\/script>\t\t\t\t<\/div>\n\t\t\t\t<\/div>\n\t\t\t\t<div class=\"elementor-element elementor-element-1950f7e elementor-widget elementor-widget-stm_vacancies\" data-id=\"1950f7e\" data-element_type=\"widget\" data-widget_type=\"stm_vacancies.default\">\n\t\t\t\t<div class=\"elementor-widget-container\">\n\t\t\t\t\t        <div class=\"stm_vacancies consulting_elementor_vacancies style_2\">\n        <div class=\"row\">\n                            <div class=\"col-sm-6 col-md-4\">\n                    <div class=\"stm_vacancies__inner\">\n                        <a href=\"https:\/\/idd.md\/en\/careers_archive\/specialist-a-in-activitatea-de-lobby-advocacy-parteneriate-si-retele\/\" class=\"title\">\n                            <h5>Specialist\/-\u0103 \u00een activitatea de lobby (advocacy, parteneriate \u0219i re\u021bele)<\/h5>\n                        <\/a>\n                        <div class=\"location info\">Chi\u0219in\u0103u<\/div>\n                        <div class=\"department info\">Management<\/div>\n                        <div class=\"read-more\">\n                            <a href=\"https:\/\/idd.md\/en\/careers_archive\/specialist-a-in-activitatea-de-lobby-advocacy-parteneriate-si-retele\/\" class=\"base_font_color\">\n                                <i class=\"stm-lnr-arrow-right third_bg_color\"><\/i>\n                                Read more                            <\/a>\n                            <span class=\"date\">\n                                15 December 2023                            <\/span>\n                        <\/div>\n                    <\/div>\n                <\/div>\n                            <div class=\"col-sm-6 col-md-4\">\n                    <div class=\"stm_vacancies__inner\">\n                        <a href=\"https:\/\/idd.md\/en\/careers_archive\/specialist-a-in-comunicare-si-relatii-publice\/\" class=\"title\">\n                            <h5>Specialist\/-\u0103 \u00een Comunicare \u0219i Rela\u021bii Publice<\/h5>\n                        <\/a>\n                        <div class=\"location info\">Chi\u0219in\u0103u<\/div>\n                        <div class=\"department info\">Management<\/div>\n                        <div class=\"read-more\">\n                            <a href=\"https:\/\/idd.md\/en\/careers_archive\/specialist-a-in-comunicare-si-relatii-publice\/\" class=\"base_font_color\">\n                                <i class=\"stm-lnr-arrow-right third_bg_color\"><\/i>\n                                Read more                            <\/a>\n                            <span class=\"date\">\n                                10 December 2023                            <\/span>\n                        <\/div>\n                    <\/div>\n                <\/div>\n                            <div class=\"col-sm-6 col-md-4\">\n                    <div class=\"stm_vacancies__inner\">\n                        <a href=\"https:\/\/idd.md\/en\/careers_archive\/fundraiser-a-o-i4dd\/\" class=\"title\">\n                            <h5>Fundraiser, A.O.\u201eI4DD&#8221;<\/h5>\n                        <\/a>\n                        <div class=\"location info\">Chi\u0219in\u0103u<\/div>\n                        <div class=\"department info\">Management<\/div>\n                        <div class=\"read-more\">\n                            <a href=\"https:\/\/idd.md\/en\/careers_archive\/fundraiser-a-o-i4dd\/\" class=\"base_font_color\">\n                                <i class=\"stm-lnr-arrow-right third_bg_color\"><\/i>\n                                Read more                            <\/a>\n                            <span class=\"date\">\n                                8 December 2023                            <\/span>\n                        <\/div>\n                    <\/div>\n                <\/div>\n                    <\/div>\n    <\/div>\n    \t\t\t\t<\/div>\n\t\t\t\t<\/div>\n\t\t\t\t<div class=\"elementor-element elementor-element-1950e7c elementor-widget elementor-widget-stm_spacing\" data-id=\"1950e7c\" data-element_type=\"widget\" data-widget_type=\"stm_spacing.default\">\n\t\t\t\t<div class=\"elementor-widget-container\">\n\t\t\t\t\t<div class=\"stm-spacing\" id=\"stm-spacing-69dfd88ab0fcb\"><\/div>\n<script>\n    (function($){\n        \"use strict\";\n        var spacingID = 'stm-spacing-69dfd88ab0fcb',\n            lgSpacing = '30',\n            mdSpacing = '30',\n            smSpacing = '30',\n            xsSpacing = '20';\n\n        function stmSpacing() {\n            if ( window.matchMedia(\"(min-width: 1200px)\").matches && lgSpacing ) {\n                $( '#' + spacingID ).css ( \"height\", lgSpacing );\n            } else if ( window.matchMedia(\"(max-width: 1199px) and (min-width: 992px )\").matches && mdSpacing ) {\n                $( '#' + spacingID ).css ( \"height\", mdSpacing );\n            } else if ( window.matchMedia(\"(max-width: 991px) and (min-width: 768px )\").matches && smSpacing ) {\n                $( '#' + spacingID ).css ( \"height\", smSpacing );\n            } else if ( window.matchMedia(\"(max-width: 767px)\").matches && xsSpacing ) {\n                $( '#' + spacingID ).css ( \"height\", xsSpacing );\n            } else {\n                $( '#' + spacingID ).css ( \"height\", \"\" );\n            }\n        }\n\n        $(document).ready(function() {\n            stmSpacing();\n        });\n\n        $(window).resize(function() {\n            stmSpacing();\n        });\n\n    })(jQuery);\n<\/script>\t\t\t\t<\/div>\n\t\t\t\t<\/div>\n\t\t\t\t\t<\/div>\n\t\t<\/div>\n\t\t\t\t\t<\/div>\n\t\t<\/section>\n\t\t\t\t<\/div>","protected":false},"excerpt":{"rendered":"<p>Carier\u0103 AO I4DD este dedicat\u0103 de a face ca comunit\u0103\u021bile \u0219i oamenii (cet\u0103\u021benii) s\u0103 tr\u0103iasc\u0103 \u00een bun\u0103stare \u0219i pace \u00eentr-o socitate bazat\u0103 de o guvernare democratic\u0103, statul de drept \u0219i drepturile omului. Angajarea \u00eentr-o asocia\u021bie precum I4DD poate fi extrem de benefic\u0103 \u0219i \u00eemplinitoare din mai multe motive. Iat\u0103 trei motive principale pentru a lua<\/p>","protected":false},"author":1,"featured_media":0,"parent":0,"menu_order":0,"comment_status":"closed","ping_status":"closed","template":"","meta":{"footnotes":""},"class_list":["post-6180","page","type-page","status-publish","hentry"],"_links":{"self":[{"href":"https:\/\/idd.md\/en\/wp-json\/wp\/v2\/pages\/6180","targetHints":{"allow":["GET"]}}],"collection":[{"href":"https:\/\/idd.md\/en\/wp-json\/wp\/v2\/pages"}],"about":[{"href":"https:\/\/idd.md\/en\/wp-json\/wp\/v2\/types\/page"}],"author":[{"embeddable":true,"href":"https:\/\/idd.md\/en\/wp-json\/wp\/v2\/users\/1"}],"replies":[{"embeddable":true,"href":"https:\/\/idd.md\/en\/wp-json\/wp\/v2\/comments?post=6180"}],"version-history":[{"count":14,"href":"https:\/\/idd.md\/en\/wp-json\/wp\/v2\/pages\/6180\/revisions"}],"predecessor-version":[{"id":16744,"href":"https:\/\/idd.md\/en\/wp-json\/wp\/v2\/pages\/6180\/revisions\/16744"}],"wp:attachment":[{"href":"https:\/\/idd.md\/en\/wp-json\/wp\/v2\/media?parent=6180"}],"curies":[{"name":"wp","href":"https:\/\/api.w.org\/{rel}","templated":true}]}}