{"id":246,"date":"2023-08-31T11:27:42","date_gmt":"2023-08-31T11:27:42","guid":{"rendered":"http:\/\/consulting.local\/?page_id=246"},"modified":"2025-11-24T09:55:37","modified_gmt":"2025-11-24T09:55:37","slug":"timeline","status":"publish","type":"page","link":"https:\/\/idd.md\/en\/timeline\/","title":{"rendered":"Timeline"},"content":{"rendered":"<div data-elementor-type=\"wp-page\" data-elementor-id=\"246\" class=\"elementor elementor-246\" data-elementor-post-type=\"page\">\n\t\t\t\t\t\t<section class=\"elementor-section elementor-top-section elementor-element elementor-element-42dba438 elementor-section-boxed elementor-section-height-default elementor-section-height-default\" data-id=\"42dba438\" data-element_type=\"section\">\n\t\t\t\t\t\t<div class=\"elementor-container elementor-column-gap-default\">\n\t\t\t\t\t<div class=\"elementor-column elementor-col-100 elementor-top-column elementor-element elementor-element-5837bba2\" data-id=\"5837bba2\" data-element_type=\"column\">\n\t\t\t<div class=\"elementor-widget-wrap elementor-element-populated\">\n\t\t\t\t\t\t<div class=\"elementor-element elementor-element-48bbc911 elementor-widget elementor-widget-heading\" data-id=\"48bbc911\" data-element_type=\"widget\" data-widget_type=\"heading.default\">\n\t\t\t\t<div class=\"elementor-widget-container\">\n\t\t\t\t\t<h2 class=\"elementor-heading-title elementor-size-default\">Timeline - History of AO I4DD<\/h2>\t\t\t\t<\/div>\n\t\t\t\t<\/div>\n\t\t\t\t<div class=\"elementor-element elementor-element-481c0e9f elementor-widget elementor-widget-stm_company_history\" data-id=\"481c0e9f\" data-element_type=\"widget\" data-widget_type=\"stm_company_history.default\">\n\t\t\t\t<div class=\"elementor-widget-container\">\n\t\t\t\t\t\n\t<div class=\"company_history style_1\">\n\t\t<ul>\n\t\t\t\t<li>\n\t\t\t\t\t\t<div class=\"year\">Nov. 2025 - Apr. 2026<\/div>\n\t\t\t\t\t\t<div class=\"sep\"><\/div>\n\t\t\t\t<div class=\"company_history_text\">\n\t\t\t\t\t\t\t<h4 class=\"no_stripe company_history_top_title\">Projects<\/h4>\n\t\t\t<p><strong>Proiect \u00een curs de derulare:<\/strong><br \/>\u201eVoices of Leadership: Women Shaping the Impact\u201d, sus\u021binut de UN Women Moldova\u00a0\u0219i\u00a0Fondul\u00a0WPHF.<\/p>\n\t\t\t\t<\/div>\n\t\t\t<\/li>\n\t\t\t\t<li>\n\t\t\t\t\t\t<div class=\"year\">Sep. 2024- Dec. 2025<\/div>\n\t\t\t\t\t\t<div class=\"sep\"><\/div>\n\t\t\t\t<div class=\"company_history_text\">\n\t\t\t\t\t\t\t<h4 class=\"no_stripe company_history_top_title\">Projects<\/h4>\n\t\t\t<p><strong>Proiect \u00een curs de derulare:<\/strong><br \/>\"\u00cent\u0103rirea p\u0103cii, drepturile omului \u0219i rolul femeilor \u00een implementarea Agendei Femeia, Pacea \u0219i Securitatea \u0219i rezilien\u021ba comunitar\u0103\", realizat \u00een cadrul Acordului de Parteneriat pentru suportul AO Institutului pentru Democra\u021bie \u0219i Dezvoltare (I4DD) pentru implementarea proiectului DCAF: Consolidarea guvernan\u021bei sectorului de securitate \u00een Moldova, cu suportul Suediei.<\/p>\n\t\t\t\t<\/div>\n\t\t\t<\/li>\n\t\t\t\t<li>\n\t\t\t\t\t\t<div class=\"year\">Sep. 2024- Dec. 2025<\/div>\n\t\t\t\t\t\t<div class=\"sep\"><\/div>\n\t\t\t\t<div class=\"company_history_text\">\n\t\t\t\t\t\t\t<h4 class=\"no_stripe company_history_top_title\">Projects<\/h4>\n\t\t\t<p><strong>Proiect \u00een curs de derulare:<\/strong><br \/>\"\u00cent\u0103rirea p\u0103cii, drepturile omului \u0219i rolul femeilor \u00een implementarea Agendei Femeia, Pacea \u0219i Securitatea \u0219i rezilien\u021ba comunitar\u0103\", realizat \u00een cadrul Acordului de Parteneriat pentru suportul AO Institutului pentru Democra\u021bie \u0219i Dezvoltare (I4DD) pentru implementarea proiectului DCAF: Consolidarea guvernan\u021bei sectorului de securitate \u00een Moldova, cu suportul Suediei.<\/p>\n\t\t\t\t<\/div>\n\t\t\t<\/li>\n\t\t\t\t<li>\n\t\t\t\t\t\t<div class=\"year\">2023-2024<\/div>\n\t\t\t\t\t\t<div class=\"sep\"><\/div>\n\t\t\t\t<div class=\"company_history_text\">\n\t\t\t\t\t\t\t<h4 class=\"no_stripe company_history_top_title\">Projects<\/h4>\n\t\t\t<p><strong>Proiect finalizat:<\/strong> <br \/>\"Enhance Women`s Cohesion in Peace Processes and Sustainable Response in Humanitarian Aid\" \u00een parteneriat cu UN Women prin intermediul Fondului WPHF<\/p>\n\t\t\t\t<\/div>\n\t\t\t<\/li>\n\t\t\t\t<li>\n\t\t\t\t\t\t<div class=\"year\">2023<\/div>\n\t\t\t\t\t\t<div class=\"sep\"><\/div>\n\t\t\t\t<div class=\"company_history_text\">\n\t\t\t\t\t\t\t<h4 class=\"no_stripe company_history_top_title\">Mentoring and Leadership<\/h4>\n\t\t\t<p>I4DD members are available to provide research, mentoring, coaching, leadership, writing and project implementation.<\/p>\n\t\t\t\t<\/div>\n\t\t\t<\/li>\n\t\t\t\t<li>\n\t\t\t\t\t\t<div class=\"year\">2023<\/div>\n\t\t\t\t\t\t<div class=\"sep\"><\/div>\n\t\t\t\t<div class=\"company_history_text\">\n\t\t\t\t\t\t\t<h4 class=\"no_stripe company_history_top_title\">Partnerships<\/h4>\n\t\t\t<p>UN Women (WPHF), GNWP, comunit\u0103\u021bile locale, asocia\u021biile de femei, altele;<br \/>DCAF<\/p>\n\t\t\t\t<\/div>\n\t\t\t<\/li>\n\t\t\t\t<li>\n\t\t\t\t\t\t<div class=\"year\">2022<\/div>\n\t\t\t\t\t\t<div class=\"sep\"><\/div>\n\t\t\t\t<div class=\"company_history_text\">\n\t\t\t\t\t\t\t<h4 class=\"no_stripe company_history_top_title\">Tasks<\/h4>\n\t\t\t<p>I4DD accesses funds and projects, establishes and develops cooperative partnerships, formulates positions and points of view, participates in the improvement of the legal and institutional framework, implements projects, develops studies, researches and offers thematic training, prevention campaigns, but is not limited to these . Areas covered: security, law enforcement, women's agenda, peace and security, conflict resolution, environment, policy development, e.g.<\/p>\n\t\t\t\t<\/div>\n\t\t\t<\/li>\n\t\t\t\t<li>\n\t\t\t\t\t\t<div class=\"year\">2022<\/div>\n\t\t\t\t\t\t<div class=\"sep\"><\/div>\n\t\t\t\t<div class=\"company_history_text\">\n\t\t\t\t\t\t\t<h4 class=\"no_stripe company_history_top_title\">The main objective<\/h4>\n\t\t\t<p>I4DD is dedicated to empowering communities and people (citizens) to live in prosperity and peace in a society based on democratic governance, rule of law and human rights.<\/p>\n\t\t\t\t<\/div>\n\t\t\t<\/li>\n\t\t\t\t<li>\n\t\t\t\t\t\t<div class=\"year\">2022<\/div>\n\t\t\t\t\t\t<div class=\"sep\"><\/div>\n\t\t\t\t<div class=\"company_history_text\">\n\t\t\t\t\t\t\t<h4 class=\"no_stripe company_history_top_title\">Mandate<\/h4>\n\t\t\t<p>The promotion of human rights\/liberties based on gender balance and gender equality, in a democratic society and based on the values \u200b\u200bof the rule of law, as well as in the spirit of the values \u200b\u200bof the national and international legal framework, unanimously accepted, which ensures well-being, legality and prosperity.<\/p>\n\t\t\t\t<\/div>\n\t\t\t<\/li>\n\t\t\t\t<li>\n\t\t\t\t\t\t<div class=\"year\">2022<\/div>\n\t\t\t\t\t\t<div class=\"sep\"><\/div>\n\t\t\t\t<div class=\"company_history_text\">\n\t\t\t\t\t\t\t<h4 class=\"no_stripe company_history_top_title\">The I4DD team<\/h4>\n\t\t\t<p>It was created by 2 women and 2 men with strong reflection and professionalism. The team members have more than 15 years of experience in the public and non-governmental sector, related to the implementation of international projects. AO I4DD is a women-led organization.<\/p>\n\t\t\t\t<\/div>\n\t\t\t<\/li>\n\t\t\t\t<li>\n\t\t\t\t\t\t<div class=\"year\">2022<\/div>\n\t\t\t\t\t\t<div class=\"sep\"><\/div>\n\t\t\t\t<div class=\"company_history_text\">\n\t\t\t\t\t\t\t<h4 class=\"no_stripe company_history_top_title\">Foundation<\/h4>\n\t\t\t<p>On May 13, 2022, the Institute for Democracy and Development Public Association was founded<\/p>\n\t\t\t\t<\/div>\n\t\t\t<\/li>\n\t\t\t<\/ul>\n\t<\/div>\n\t\t\t\t\t<\/div>\n\t\t\t\t<\/div>\n\t\t\t\t\t<\/div>\n\t\t<\/div>\n\t\t\t\t\t<\/div>\n\t\t<\/section>\n\t\t\t\t<\/div>","protected":false},"excerpt":{"rendered":"<p>Timeline &#8211; Istoria AO I4DD Nov. 2025 &#8211; Apr. 2026 Proiecte Proiect \u00een curs de derulare:\u201eVoices of Leadership: Women Shaping the Impact\u201d, sus\u021binut de UN Women Moldova\u00a0\u0219i\u00a0Fondul\u00a0WPHF. Sep. 2024- Dec. 2025 Proiecte Proiect \u00een curs de derulare:&#8222;\u00cent\u0103rirea p\u0103cii, drepturile omului \u0219i rolul femeilor \u00een implementarea Agendei Femeia, Pacea \u0219i Securitatea \u0219i rezilien\u021ba comunitar\u0103&#8221;, realizat \u00een<\/p>","protected":false},"author":1,"featured_media":0,"parent":0,"menu_order":0,"comment_status":"closed","ping_status":"closed","template":"","meta":{"footnotes":""},"class_list":["post-246","page","type-page","status-publish","hentry"],"_links":{"self":[{"href":"https:\/\/idd.md\/en\/wp-json\/wp\/v2\/pages\/246","targetHints":{"allow":["GET"]}}],"collection":[{"href":"https:\/\/idd.md\/en\/wp-json\/wp\/v2\/pages"}],"about":[{"href":"https:\/\/idd.md\/en\/wp-json\/wp\/v2\/types\/page"}],"author":[{"embeddable":true,"href":"https:\/\/idd.md\/en\/wp-json\/wp\/v2\/users\/1"}],"replies":[{"embeddable":true,"href":"https:\/\/idd.md\/en\/wp-json\/wp\/v2\/comments?post=246"}],"version-history":[{"count":26,"href":"https:\/\/idd.md\/en\/wp-json\/wp\/v2\/pages\/246\/revisions"}],"predecessor-version":[{"id":17747,"href":"https:\/\/idd.md\/en\/wp-json\/wp\/v2\/pages\/246\/revisions\/17747"}],"wp:attachment":[{"href":"https:\/\/idd.md\/en\/wp-json\/wp\/v2\/media?parent=246"}],"curies":[{"name":"wp","href":"https:\/\/api.w.org\/{rel}","templated":true}]}}