{"id":1334,"date":"2017-02-07T12:47:33","date_gmt":"2017-02-07T12:47:33","guid":{"rendered":"http:\/\/consult.loc\/?page_id=1111"},"modified":"2024-04-02T18:07:35","modified_gmt":"2024-04-02T18:07:35","slug":"evenimente","status":"publish","type":"page","link":"https:\/\/idd.md\/en\/evenimente\/","title":{"rendered":"Events"},"content":{"rendered":"<div data-elementor-type=\"wp-page\" data-elementor-id=\"1334\" class=\"elementor elementor-1334\" data-elementor-post-type=\"page\">\n\t\t\t\t\t\t<section class=\"elementor-section elementor-top-section elementor-element elementor-element-cb75d98 elementor-section-boxed elementor-section-height-default elementor-section-height-default\" data-id=\"cb75d98\" data-element_type=\"section\" data-settings=\"{&quot;background_background&quot;:&quot;classic&quot;}\">\n\t\t\t\t\t\t<div class=\"elementor-container elementor-column-gap-default\">\n\t\t\t\t\t<div class=\"elementor-column elementor-col-100 elementor-top-column elementor-element elementor-element-cb765fd\" data-id=\"cb765fd\" data-element_type=\"column\">\n\t\t\t<div class=\"elementor-widget-wrap elementor-element-populated\">\n\t\t\t\t\t\t<section class=\"elementor-section elementor-top-section elementor-element elementor-element-cb76cf2 elementor-section-boxed elementor-section-height-default elementor-section-height-default\" data-id=\"cb76cf2\" data-element_type=\"section\">\n\t\t\t\t\t\t<div class=\"elementor-container elementor-column-gap-default\">\n\t\t\t\t\t<div class=\"elementor-column elementor-col-75 elementor-top-column elementor-element elementor-element-cb774b4\" data-id=\"cb774b4\" data-element_type=\"column\">\n\t\t\t<div class=\"elementor-widget-wrap elementor-element-populated\">\n\t\t\t\t\t\t<div class=\"elementor-element elementor-element-cb77a45 elementor-widget elementor-widget-vc_custom_heading\" data-id=\"cb77a45\" data-element_type=\"widget\" data-widget_type=\"vc_custom_heading.default\">\n\t\t\t\t<div class=\"elementor-widget-container\">\n\t\t\t\t\t<div class=\"vc_custom_heading  consulting_heading_font  text_align_left title_no_stripe\" ><h2 style=\"text-align: left;font-weight:700\" class=\"consulting-custom-title\">Events<\/h2><\/div>\t\t\t\t<\/div>\n\t\t\t\t<\/div>\n\t\t\t\t\t<\/div>\n\t\t<\/div>\n\t\t\t\t<div class=\"elementor-column elementor-col-25 elementor-top-column elementor-element elementor-element-cb77f0b\" data-id=\"cb77f0b\" data-element_type=\"column\">\n\t\t\t<div class=\"elementor-widget-wrap elementor-element-populated\">\n\t\t\t\t\t\t<div class=\"elementor-element elementor-element-cb7853f elementor-widget elementor-widget-wp-widget-search\" data-id=\"cb7853f\" data-element_type=\"widget\" data-widget_type=\"wp-widget-search.default\">\n\t\t\t\t<div class=\"elementor-widget-container\">\n\t\t\t\t\t<aside class='widget widget_search'><i class=\"fa fa-search search-icon\"><\/i>\n<form method=\"get\" class=\"search-form\" action=\"https:\/\/idd.md\/en\/\" data-trp-original-action=\"https:\/\/idd.md\/en\/\">\n\t<input type=\"search\" class=\"form-control\" placeholder=\"Search...\" value=\"\" name=\"s\" \/>\n\t<button type=\"submit\"><i class=\"fa fa-search\"><\/i><\/button>\n<input type=\"hidden\" name=\"trp-form-language\" value=\"en\"\/><\/form>\n<\/aside>\t\t\t\t<\/div>\n\t\t\t\t<\/div>\n\t\t\t\t\t<\/div>\n\t\t<\/div>\n\t\t\t\t\t<\/div>\n\t\t<\/section>\n\t\t\t\t<div class=\"elementor-element elementor-element-cb79d9a elementor-widget elementor-widget-stm_events\" data-id=\"cb79d9a\" data-element_type=\"widget\" data-widget_type=\"stm_events.default\">\n\t\t\t\t<div class=\"elementor-widget-container\">\n\t\t\t\t\t\n            <div class=\"stm_events_grid consulting_elementor_events cols_3\">\n            \n                <div class=\"item\">\n    <div class=\"item_wr\">\n                                <div class=\"item_thumbnail\">\n                <a href=\"https:\/\/idd.md\/en\/events\/pacea-securitatea-si-rolul-femeii-in-asigurarea-acestora-2\/\">\n                    <img src='https:\/\/idd.md\/wp-content\/uploads\/2021\/11\/MAI_5047-scaled.jpg' alt='' \/>                <\/a>\n            <\/div>\n                <div class=\"content\">\n            <h6><a href=\"https:\/\/idd.md\/en\/events\/pacea-securitatea-si-rolul-femeii-in-asigurarea-acestora-2\/\">The high-level conference \"Women, Peace and Security\"<\/a><\/h6>\n            <ul class=\"stm-event__meta\">\n                                                    <li>\n                        <div class=\"event__calendar\">\n                            <i class=\"fa fa-calendar\" aria-hidden=\"true\"><\/i> 11 December 2023                        <\/div>\n                    <\/li>\n                                                                                                                            <li>\n                        <div class=\"event__venue\">\n                            <i class=\"fa fa-map-marker\" aria-hidden=\"true\"><\/i> Ministerul Afacerilor Interne                        <\/div>\n                    <\/li>\n                            <\/ul>\n        <\/div>\n    <\/div>\n<\/div>\n            \n                <div class=\"item\">\n    <div class=\"item_wr\">\n                                <div class=\"item_thumbnail\">\n                <a href=\"https:\/\/idd.md\/en\/events\/pacea-securitatea-si-rolul-femeii-in-asigurarea-acestora\/\">\n                    <img src='https:\/\/idd.md\/wp-content\/uploads\/2023\/12\/411268596_344574224869596_1447246942869334531_n.jpg' alt='' \/>                <\/a>\n            <\/div>\n                <div class=\"content\">\n            <h6><a href=\"https:\/\/idd.md\/en\/events\/pacea-securitatea-si-rolul-femeii-in-asigurarea-acestora\/\">PACEA, SECURITATEA \u0218I ROLUL FEMEII \u00ceN ASIGURAREA ACESTORA<\/a><\/h6>\n            <ul class=\"stm-event__meta\">\n                                                    <li>\n                        <div class=\"event__calendar\">\n                            <i class=\"fa fa-calendar\" aria-hidden=\"true\"><\/i> 14 December 2023                        <\/div>\n                    <\/li>\n                                                                                                                    <\/ul>\n        <\/div>\n    <\/div>\n<\/div>\n            \n                <div class=\"item\">\n    <div class=\"item_wr\">\n                                <div class=\"item_thumbnail\">\n                <a href=\"https:\/\/idd.md\/en\/events\/atelier-de-instruire-abilitati-soft-pentru-consolidarea-pacii-mentinerea-pacii-construirea-pacii-si-impunerea-pacii-2\/\">\n                    <img src='https:\/\/idd.md\/wp-content\/uploads\/2023\/12\/inspirational-word-collage-design-scaled.jpg' alt='' \/>                <\/a>\n            <\/div>\n                <div class=\"content\">\n            <h6><a href=\"https:\/\/idd.md\/en\/events\/atelier-de-instruire-abilitati-soft-pentru-consolidarea-pacii-mentinerea-pacii-construirea-pacii-si-impunerea-pacii-2\/\">Atelier de instruire: \u201eAbilit\u0103\u021bi soft pentru consolidarea p\u0103cii, men\u021binerea p\u0103cii, construirea p\u0103cii \u0219i impunerea p\u0103cii.<\/a><\/h6>\n            <ul class=\"stm-event__meta\">\n                                                    <li>\n                        <div class=\"event__calendar\">\n                            <i class=\"fa fa-calendar\" aria-hidden=\"true\"><\/i> 15 January 2024                        <\/div>\n                    <\/li>\n                                                                                                                    <\/ul>\n        <\/div>\n    <\/div>\n<\/div>\n            \n                <div class=\"item\">\n    <div class=\"item_wr\">\n                                <div class=\"item_thumbnail\">\n                <a href=\"https:\/\/idd.md\/en\/events\/workshop-cu-genericul-rolul-efectiv-al-remeilor-in-promovarea-securitatii-umane-si-comunitare\/\">\n                    <img src='https:\/\/idd.md\/wp-content\/uploads\/2024\/04\/40208.jpg' alt='' \/>                <\/a>\n            <\/div>\n                <div class=\"content\">\n            <h6><a href=\"https:\/\/idd.md\/en\/events\/workshop-cu-genericul-rolul-efectiv-al-remeilor-in-promovarea-securitatii-umane-si-comunitare\/\">Workshop cu genericul ,,Rolul efectiv al remeilor \u00een promovarea securit\u0103\u021bii umane \u0219i comunitare&#8221;.<\/a><\/h6>\n            <ul class=\"stm-event__meta\">\n                                                    <li>\n                        <div class=\"event__calendar\">\n                            <i class=\"fa fa-calendar\" aria-hidden=\"true\"><\/i> 9 April 2024                        <\/div>\n                    <\/li>\n                                                                                                <li>\n                            <div class=\"event__time\"><i class=\"fa fa-clock-o\"><\/i>\n                                9:30                            <\/div>\n                        <\/li>\n                                                                <\/ul>\n        <\/div>\n    <\/div>\n<\/div>\n                    <\/div>\n        <div class=\"events_pagination\"><\/div>            \t\t\t\t<\/div>\n\t\t\t\t<\/div>\n\t\t\t\t\t<\/div>\n\t\t<\/div>\n\t\t\t\t\t<\/div>\n\t\t<\/section>\n\t\t\t\t<\/div>","protected":false},"excerpt":{"rendered":"<p>Evenimente Conferin\u021ba de nivel \u00eenalt ,,Femeile, Pacea \u0219i Securitatea\u201d 11 decembrie 2023 Ministerul Afacerilor Interne PACEA, SECURITATEA \u0218I ROLUL FEMEII \u00ceN ASIGURAREA ACESTORA 14 decembrie 2023 Atelier de instruire: \u201eAbilit\u0103\u021bi soft pentru consolidarea p\u0103cii, men\u021binerea p\u0103cii, construirea p\u0103cii \u0219i impunerea p\u0103cii. 15 ianuarie 2024 Workshop cu genericul ,,Rolul efectiv al remeilor \u00een promovarea securit\u0103\u021bii umane<\/p>","protected":false},"author":1,"featured_media":0,"parent":0,"menu_order":0,"comment_status":"closed","ping_status":"closed","template":"","meta":{"footnotes":""},"class_list":["post-1334","page","type-page","status-publish","hentry"],"_links":{"self":[{"href":"https:\/\/idd.md\/en\/wp-json\/wp\/v2\/pages\/1334","targetHints":{"allow":["GET"]}}],"collection":[{"href":"https:\/\/idd.md\/en\/wp-json\/wp\/v2\/pages"}],"about":[{"href":"https:\/\/idd.md\/en\/wp-json\/wp\/v2\/types\/page"}],"author":[{"embeddable":true,"href":"https:\/\/idd.md\/en\/wp-json\/wp\/v2\/users\/1"}],"replies":[{"embeddable":true,"href":"https:\/\/idd.md\/en\/wp-json\/wp\/v2\/comments?post=1334"}],"version-history":[{"count":11,"href":"https:\/\/idd.md\/en\/wp-json\/wp\/v2\/pages\/1334\/revisions"}],"predecessor-version":[{"id":16994,"href":"https:\/\/idd.md\/en\/wp-json\/wp\/v2\/pages\/1334\/revisions\/16994"}],"wp:attachment":[{"href":"https:\/\/idd.md\/en\/wp-json\/wp\/v2\/media?parent=1334"}],"curies":[{"name":"wp","href":"https:\/\/api.w.org\/{rel}","templated":true}]}}